{"id":161,"date":"2013-10-16T12:37:38","date_gmt":"2013-10-16T10:37:38","guid":{"rendered":"http:\/\/projektbox.lima-city.de\/TOURHOTEL\/?page_id=161"},"modified":"2014-12-10T08:22:39","modified_gmt":"2014-12-10T07:22:39","slug":"allgemein","status":"publish","type":"page","link":"https:\/\/projektbox.lima-city.de\/TOURHOTEL\/allgemein\/","title":{"rendered":"ALLGEMEINES"},"content":{"rendered":"<h4 style=\"text-align: justify;\"><strong>Allgemeine Informationen zu Mein Sch\u00f6nes Hotel****<\/strong><\/h4>\n<p style=\"text-align: justify;\">Die Ferienregion Musterland mit einer der l\u00e4ngsten Sonnenscheindauer \u00d6sterreichs ist ein echtes Urlaubsparadies. Schwimmen, Tauchen, Baden, Surfen und Angeln an den sauberen Seen \u2014 da kommt Freude auf.<br \/>\nAktivurlauber finden in der vielseitigen Natur- und Kulturlandschaft Wanderwege, unz\u00e4hlige Berggipfel, Radrouten und zahlreiche Sehensw\u00fcrdigkeiten vor.<\/p>\n<p style=\"text-align: left;\"><img loading=\"lazy\" class=\"alignleft size-medium wp-image-1489\" src=\"http:\/\/projektbox.lima-city.de\/TOURHOTEL\/wp-content\/uploads\/640_1313681953-480x360.jpg\" alt=\"640_1313681953\" width=\"480\" height=\"360\" srcset=\"https:\/\/projektbox.lima-city.de\/TOURHOTEL\/wp-content\/uploads\/640_1313681953-480x360.jpg 480w, https:\/\/projektbox.lima-city.de\/TOURHOTEL\/wp-content\/uploads\/640_1313681953-150x112.jpg 150w, https:\/\/projektbox.lima-city.de\/TOURHOTEL\/wp-content\/uploads\/640_1313681953-400x300.jpg 400w, https:\/\/projektbox.lima-city.de\/TOURHOTEL\/wp-content\/uploads\/640_1313681953.jpg 640w\" sizes=\"(max-width: 480px) 100vw, 480px\" \/>Mein Sch\u00f6nes Hotel**** liegt in ruhiger und verkehrsfreier Lage abseits der Hauptstra\u00dfe, nur 3 Gehminuten vom Seeufer und dem Ortszentrum entfernt.<\/p>\n<p style=\"text-align: left;\"><span style=\"text-decoration: underline;\">Lage:<\/span> Verkehrsarme Wohnzone, Zentrumsn\u00e4he, Lage im Gr\u00fcnen.<\/p>\n<p style=\"text-align: justify;\"><span style=\"text-decoration: underline;\">Geo-Koordinaten:<\/span><br \/>\n46.60862\u00b0N,<\/p>\n<p style=\"text-align: justify;\"><span style=\"text-decoration: underline;\">Kapazit\u00e4t:<\/span><br \/>\n126 Betten,<br \/>\n5 Einzelzimmer,<br \/>\n23 Doppelzimmer,<br \/>\n26 Familienzimmer (3-4 Personen).<\/p>\n<div id=\"kad-wp-gallery16\" class=\"kad-wp-gallery kad-light-wp-gallery clearfix kt-gallery-column-4 rowtight\"><div class=\"tcol-lg-3 tcol-md-3 tcol-sm-4 tcol-xs-6 tcol-ss-12 g_item\"><div class=\"grid_item kad_gallery_fade_in gallery_item\"><a href=\"https:\/\/projektbox.lima-city.de\/TOURHOTEL\/wp-content\/uploads\/hotel-531075_1920-e1425530321836.jpg\" data-rel=\"lightbox\" class=\"lightboxhover\"><img src=\"https:\/\/projektbox.lima-city.de\/TOURHOTEL\/wp-content\/uploads\/hotel-531075_1920-e1425530321836-300x300.jpg\" width=\"300\" height=\"300\" alt=\"\" srcset=\"https:\/\/projektbox.lima-city.de\/TOURHOTEL\/wp-content\/uploads\/hotel-531075_1920-e1425530321836-300x300.jpg 300w, https:\/\/projektbox.lima-city.de\/TOURHOTEL\/wp-content\/uploads\/hotel-531075_1920-e1425530321836-600x600.jpg 600w\" sizes=\"(max-width: 300px) 100vw, 300px\" class=\"light-dropshaddow\"\/><\/a><\/div><\/div><div class=\"tcol-lg-3 tcol-md-3 tcol-sm-4 tcol-xs-6 tcol-ss-12 g_item\"><div class=\"grid_item kad_gallery_fade_in gallery_item\"><a href=\"https:\/\/projektbox.lima-city.de\/TOURHOTEL\/wp-content\/uploads\/640_1376401887.jpg\" data-rel=\"lightbox\" class=\"lightboxhover\"><img src=\"https:\/\/projektbox.lima-city.de\/TOURHOTEL\/wp-content\/uploads\/640_1376401887-300x300.jpg\" width=\"300\" height=\"300\" alt=\"\" srcset=\"https:\/\/projektbox.lima-city.de\/TOURHOTEL\/wp-content\/uploads\/640_1376401887-300x300.jpg 300w, https:\/\/projektbox.lima-city.de\/TOURHOTEL\/wp-content\/uploads\/640_1376401887-200x200.jpg 200w\" sizes=\"(max-width: 300px) 100vw, 300px\" class=\"light-dropshaddow\"\/><\/a><\/div><\/div><div class=\"tcol-lg-3 tcol-md-3 tcol-sm-4 tcol-xs-6 tcol-ss-12 g_item\"><div class=\"grid_item kad_gallery_fade_in gallery_item\"><a href=\"https:\/\/projektbox.lima-city.de\/TOURHOTEL\/wp-content\/uploads\/hotel-538766_1920.jpg\" data-rel=\"lightbox\" class=\"lightboxhover\"><img src=\"https:\/\/projektbox.lima-city.de\/TOURHOTEL\/wp-content\/uploads\/hotel-538766_1920-300x300.jpg\" width=\"300\" height=\"300\" alt=\"\" srcset=\"https:\/\/projektbox.lima-city.de\/TOURHOTEL\/wp-content\/uploads\/hotel-538766_1920-300x300.jpg 300w, https:\/\/projektbox.lima-city.de\/TOURHOTEL\/wp-content\/uploads\/hotel-538766_1920-200x200.jpg 200w, https:\/\/projektbox.lima-city.de\/TOURHOTEL\/wp-content\/uploads\/hotel-538766_1920-600x600.jpg 600w\" sizes=\"(max-width: 300px) 100vw, 300px\" class=\"light-dropshaddow\"\/><\/a><\/div><\/div><div class=\"tcol-lg-3 tcol-md-3 tcol-sm-4 tcol-xs-6 tcol-ss-12 g_item\"><div class=\"grid_item kad_gallery_fade_in gallery_item\"><a href=\"https:\/\/projektbox.lima-city.de\/TOURHOTEL\/wp-content\/uploads\/chateau-margaux-459568_1920.jpg\" data-rel=\"lightbox\" class=\"lightboxhover\"><img src=\"https:\/\/projektbox.lima-city.de\/TOURHOTEL\/wp-content\/uploads\/chateau-margaux-459568_1920-300x300.jpg\" width=\"300\" height=\"300\" alt=\"\" srcset=\"https:\/\/projektbox.lima-city.de\/TOURHOTEL\/wp-content\/uploads\/chateau-margaux-459568_1920-300x300.jpg 300w, https:\/\/projektbox.lima-city.de\/TOURHOTEL\/wp-content\/uploads\/chateau-margaux-459568_1920-200x200.jpg 200w, https:\/\/projektbox.lima-city.de\/TOURHOTEL\/wp-content\/uploads\/chateau-margaux-459568_1920-600x600.jpg 600w, https:\/\/projektbox.lima-city.de\/TOURHOTEL\/wp-content\/uploads\/chateau-margaux-459568_1920-800x800.jpg 800w, https:\/\/projektbox.lima-city.de\/TOURHOTEL\/wp-content\/uploads\/chateau-margaux-459568_1920-400x400.jpg 400w\" sizes=\"(max-width: 300px) 100vw, 300px\" class=\"light-dropshaddow\"\/><\/a><\/div><\/div><div class=\"tcol-lg-3 tcol-md-3 tcol-sm-4 tcol-xs-6 tcol-ss-12 g_item\"><div class=\"grid_item kad_gallery_fade_in gallery_item\"><a href=\"https:\/\/projektbox.lima-city.de\/TOURHOTEL\/wp-content\/uploads\/640_1344347114.jpg\" data-rel=\"lightbox\" class=\"lightboxhover\"><img src=\"https:\/\/projektbox.lima-city.de\/TOURHOTEL\/wp-content\/uploads\/640_1344347114-300x300.jpg\" width=\"300\" height=\"300\" alt=\"\" srcset=\"https:\/\/projektbox.lima-city.de\/TOURHOTEL\/wp-content\/uploads\/640_1344347114-300x300.jpg 300w, https:\/\/projektbox.lima-city.de\/TOURHOTEL\/wp-content\/uploads\/640_1344347114-200x200.jpg 200w\" sizes=\"(max-width: 300px) 100vw, 300px\" class=\"light-dropshaddow\"\/><\/a><\/div><\/div><div class=\"tcol-lg-3 tcol-md-3 tcol-sm-4 tcol-xs-6 tcol-ss-12 g_item\"><div class=\"grid_item kad_gallery_fade_in gallery_item\"><a href=\"https:\/\/projektbox.lima-city.de\/TOURHOTEL\/wp-content\/uploads\/640_1397726279.jpg\" data-rel=\"lightbox\" class=\"lightboxhover\"><img src=\"https:\/\/projektbox.lima-city.de\/TOURHOTEL\/wp-content\/uploads\/640_1397726279-300x300.jpg\" width=\"300\" height=\"300\" alt=\"\" srcset=\"https:\/\/projektbox.lima-city.de\/TOURHOTEL\/wp-content\/uploads\/640_1397726279-300x300.jpg 300w, https:\/\/projektbox.lima-city.de\/TOURHOTEL\/wp-content\/uploads\/640_1397726279-200x200.jpg 200w\" sizes=\"(max-width: 300px) 100vw, 300px\" class=\"light-dropshaddow\"\/><\/a><\/div><\/div><div class=\"tcol-lg-3 tcol-md-3 tcol-sm-4 tcol-xs-6 tcol-ss-12 g_item\"><div class=\"grid_item kad_gallery_fade_in gallery_item\"><a href=\"https:\/\/projektbox.lima-city.de\/TOURHOTEL\/wp-content\/uploads\/640_1397725443.jpg\" data-rel=\"lightbox\" class=\"lightboxhover\"><img src=\"https:\/\/projektbox.lima-city.de\/TOURHOTEL\/wp-content\/uploads\/640_1397725443-300x300.jpg\" width=\"300\" height=\"300\" alt=\"\" srcset=\"https:\/\/projektbox.lima-city.de\/TOURHOTEL\/wp-content\/uploads\/640_1397725443-300x300.jpg 300w, https:\/\/projektbox.lima-city.de\/TOURHOTEL\/wp-content\/uploads\/640_1397725443-200x200.jpg 200w\" sizes=\"(max-width: 300px) 100vw, 300px\" class=\"light-dropshaddow\"\/><\/a><\/div><\/div><div class=\"tcol-lg-3 tcol-md-3 tcol-sm-4 tcol-xs-6 tcol-ss-12 g_item\"><div class=\"grid_item kad_gallery_fade_in gallery_item\"><a href=\"https:\/\/projektbox.lima-city.de\/TOURHOTEL\/wp-content\/uploads\/640_1376401868.jpg\" data-rel=\"lightbox\" class=\"lightboxhover\"><img src=\"https:\/\/projektbox.lima-city.de\/TOURHOTEL\/wp-content\/uploads\/640_1376401868-300x300.jpg\" width=\"300\" height=\"300\" alt=\"\" srcset=\"https:\/\/projektbox.lima-city.de\/TOURHOTEL\/wp-content\/uploads\/640_1376401868-300x300.jpg 300w, https:\/\/projektbox.lima-city.de\/TOURHOTEL\/wp-content\/uploads\/640_1376401868-200x200.jpg 200w\" sizes=\"(max-width: 300px) 100vw, 300px\" class=\"light-dropshaddow\"\/><\/a><\/div><\/div><div class=\"tcol-lg-3 tcol-md-3 tcol-sm-4 tcol-xs-6 tcol-ss-12 g_item\"><div class=\"grid_item kad_gallery_fade_in gallery_item\"><a href=\"https:\/\/projektbox.lima-city.de\/TOURHOTEL\/wp-content\/uploads\/640_1313681953.jpg\" data-rel=\"lightbox\" class=\"lightboxhover\"><img src=\"https:\/\/projektbox.lima-city.de\/TOURHOTEL\/wp-content\/uploads\/640_1313681953-300x300.jpg\" width=\"300\" height=\"300\" alt=\"\" srcset=\"https:\/\/projektbox.lima-city.de\/TOURHOTEL\/wp-content\/uploads\/640_1313681953-300x300.jpg 300w, https:\/\/projektbox.lima-city.de\/TOURHOTEL\/wp-content\/uploads\/640_1313681953-200x200.jpg 200w\" sizes=\"(max-width: 300px) 100vw, 300px\" class=\"light-dropshaddow\"\/><\/a><\/div><\/div><div class=\"tcol-lg-3 tcol-md-3 tcol-sm-4 tcol-xs-6 tcol-ss-12 g_item\"><div class=\"grid_item kad_gallery_fade_in gallery_item\"><a href=\"https:\/\/projektbox.lima-city.de\/TOURHOTEL\/wp-content\/uploads\/640_1414685651.jpg\" data-rel=\"lightbox\" class=\"lightboxhover\"><img src=\"https:\/\/projektbox.lima-city.de\/TOURHOTEL\/wp-content\/uploads\/640_1414685651-300x300.jpg\" width=\"300\" height=\"300\" alt=\"\" srcset=\"https:\/\/projektbox.lima-city.de\/TOURHOTEL\/wp-content\/uploads\/640_1414685651-300x300.jpg 300w, https:\/\/projektbox.lima-city.de\/TOURHOTEL\/wp-content\/uploads\/640_1414685651-200x200.jpg 200w\" sizes=\"(max-width: 300px) 100vw, 300px\" class=\"light-dropshaddow\"\/><\/a><\/div><\/div><div class=\"tcol-lg-3 tcol-md-3 tcol-sm-4 tcol-xs-6 tcol-ss-12 g_item\"><div class=\"grid_item kad_gallery_fade_in gallery_item\"><a href=\"https:\/\/projektbox.lima-city.de\/TOURHOTEL\/wp-content\/uploads\/640_1363882529.jpg\" data-rel=\"lightbox\" class=\"lightboxhover\"><img src=\"https:\/\/projektbox.lima-city.de\/TOURHOTEL\/wp-content\/uploads\/640_1363882529-300x300.jpg\" width=\"300\" height=\"300\" alt=\"\" srcset=\"https:\/\/projektbox.lima-city.de\/TOURHOTEL\/wp-content\/uploads\/640_1363882529-300x300.jpg 300w, https:\/\/projektbox.lima-city.de\/TOURHOTEL\/wp-content\/uploads\/640_1363882529-200x200.jpg 200w\" sizes=\"(max-width: 300px) 100vw, 300px\" class=\"light-dropshaddow\"\/><\/a><\/div><\/div><div class=\"tcol-lg-3 tcol-md-3 tcol-sm-4 tcol-xs-6 tcol-ss-12 g_item\"><div class=\"grid_item kad_gallery_fade_in gallery_item\"><a href=\"https:\/\/projektbox.lima-city.de\/TOURHOTEL\/wp-content\/uploads\/640_1414685705.jpg\" data-rel=\"lightbox\" class=\"lightboxhover\"><img src=\"https:\/\/projektbox.lima-city.de\/TOURHOTEL\/wp-content\/uploads\/640_1414685705-300x300.jpg\" width=\"300\" height=\"300\" alt=\"\" srcset=\"https:\/\/projektbox.lima-city.de\/TOURHOTEL\/wp-content\/uploads\/640_1414685705-300x300.jpg 300w, https:\/\/projektbox.lima-city.de\/TOURHOTEL\/wp-content\/uploads\/640_1414685705-200x200.jpg 200w\" sizes=\"(max-width: 300px) 100vw, 300px\" class=\"light-dropshaddow\"\/><\/a><\/div><\/div><div class=\"tcol-lg-3 tcol-md-3 tcol-sm-4 tcol-xs-6 tcol-ss-12 g_item\"><div class=\"grid_item kad_gallery_fade_in gallery_item\"><a href=\"https:\/\/projektbox.lima-city.de\/TOURHOTEL\/wp-content\/uploads\/640_1397725822.jpg\" data-rel=\"lightbox\" class=\"lightboxhover\"><img src=\"https:\/\/projektbox.lima-city.de\/TOURHOTEL\/wp-content\/uploads\/640_1397725822-300x300.jpg\" width=\"300\" height=\"300\" alt=\"\" srcset=\"https:\/\/projektbox.lima-city.de\/TOURHOTEL\/wp-content\/uploads\/640_1397725822-300x300.jpg 300w, https:\/\/projektbox.lima-city.de\/TOURHOTEL\/wp-content\/uploads\/640_1397725822-200x200.jpg 200w\" sizes=\"(max-width: 300px) 100vw, 300px\" class=\"light-dropshaddow\"\/><\/a><\/div><\/div><div class=\"tcol-lg-3 tcol-md-3 tcol-sm-4 tcol-xs-6 tcol-ss-12 g_item\"><div class=\"grid_item kad_gallery_fade_in gallery_item\"><a href=\"https:\/\/projektbox.lima-city.de\/TOURHOTEL\/wp-content\/uploads\/640_1414685759.jpg\" data-rel=\"lightbox\" class=\"lightboxhover\"><img src=\"https:\/\/projektbox.lima-city.de\/TOURHOTEL\/wp-content\/uploads\/640_1414685759-300x300.jpg\" width=\"300\" height=\"300\" alt=\"\" srcset=\"https:\/\/projektbox.lima-city.de\/TOURHOTEL\/wp-content\/uploads\/640_1414685759-300x300.jpg 300w, https:\/\/projektbox.lima-city.de\/TOURHOTEL\/wp-content\/uploads\/640_1414685759-200x200.jpg 200w\" sizes=\"(max-width: 300px) 100vw, 300px\" class=\"light-dropshaddow\"\/><\/a><\/div><\/div><\/div>\n","protected":false},"excerpt":{"rendered":"<p>Allgemeine Informationen zu Mein Sch\u00f6nes Hotel**** Die Ferienregion Musterland mit einer der l\u00e4ngsten Sonnenscheindauer \u00d6sterreichs ist ein echtes Urlaubsparadies. Schwimmen, Tauchen, Baden, Surfen und Angeln an den sauberen Seen \u2014 da kommt Freude auf. Aktivurlauber finden in der vielseitigen Natur- &hellip; <a href=\"https:\/\/projektbox.lima-city.de\/TOURHOTEL\/allgemein\/\">Weiter<\/a><\/p>\n","protected":false},"author":1,"featured_media":0,"parent":0,"menu_order":9,"comment_status":"closed","ping_status":"closed","template":"","meta":{"kt_blocks_editor_width":""},"_links":{"self":[{"href":"https:\/\/projektbox.lima-city.de\/TOURHOTEL\/wp-json\/wp\/v2\/pages\/161"}],"collection":[{"href":"https:\/\/projektbox.lima-city.de\/TOURHOTEL\/wp-json\/wp\/v2\/pages"}],"about":[{"href":"https:\/\/projektbox.lima-city.de\/TOURHOTEL\/wp-json\/wp\/v2\/types\/page"}],"author":[{"embeddable":true,"href":"https:\/\/projektbox.lima-city.de\/TOURHOTEL\/wp-json\/wp\/v2\/users\/1"}],"replies":[{"embeddable":true,"href":"https:\/\/projektbox.lima-city.de\/TOURHOTEL\/wp-json\/wp\/v2\/comments?post=161"}],"version-history":[{"count":0,"href":"https:\/\/projektbox.lima-city.de\/TOURHOTEL\/wp-json\/wp\/v2\/pages\/161\/revisions"}],"wp:attachment":[{"href":"https:\/\/projektbox.lima-city.de\/TOURHOTEL\/wp-json\/wp\/v2\/media?parent=161"}],"curies":[{"name":"wp","href":"https:\/\/api.w.org\/{rel}","templated":true}]}}