{"id":164,"date":"2013-10-16T13:08:55","date_gmt":"2013-10-16T11:08:55","guid":{"rendered":"http:\/\/projektbox.lima-city.de\/TOURHOTEL\/?page_id=164"},"modified":"2014-12-10T04:11:41","modified_gmt":"2014-12-10T03:11:41","slug":"impressum","status":"publish","type":"page","link":"https:\/\/projektbox.lima-city.de\/TOURHOTEL\/impressum\/","title":{"rendered":"IMPRESSUM"},"content":{"rendered":"<h4><img loading=\"lazy\" class=\"alignnone\" style=\"vertical-align: top;\" src=\"http:\/\/projektbox.lima-city.de\/TOURHOTEL\/wp-content\/uploads\/ecg.gif\" alt=\"ecg\" width=\"169\" height=\"23\" \/><\/h4>\n<h4>IMPRESSUM<\/h4>\n<p>Informationen gem\u00e4\u00df E-Commerce Gesetz:<\/p>\n<p>Musterhotel Mein Sch\u00f6nes Hotel<br \/>\nInhaber und Gesch\u00e4ftsf\u00fchrer:<br \/>\nMein Name<br \/>\nMeine Strasse<br \/>\nMein Wohnort, \u00d6sterreich<\/p>\n<p>Tel.: +43(1234)5678<br \/>\nFax: +43(1234)5678-9<\/p>\n<p>UID: 12345<\/p>\n<p>E-Mail: <a class=\"smarterwiki-linkify\" href=\"mailto:office@tourhotelcarinthia.at\">office@musterhotel.at<\/a><br \/>\nWeb-Site: <a class=\"smarterwiki-linkify\" href=\"http:\/\/www.tourhotel-carinthia.at\">http:\/\/www.musterhotel.at<\/a><\/p>\n<p>Mitglied bei Wirtschaftskammer Bundesland<br \/>\nFachgruppe: Hotellerie<\/p>\n<p><span class=\"smarterwiki-popup-bubble smarterwiki-popup-bubble-active smarterwiki-popup-bubble-flipped\" style=\"top: 397px; left: 175px; margin-left: -54px; opacity: 1;\"><span class=\"smarterwiki-popup-bubble-body\"><span class=\"smarterwiki-popup-bubble-links-container\"><span class=\"smarterwiki-popup-bubble-links\"><span class=\"smarterwiki-popup-bubble-links-row\"><a class=\"smarterwiki-popup-bubble-link\" title=\"Search DuckDuckGo\" href=\"http:\/\/duckduckgo.com\/?q=Musterhotel%20Mein%20Sch%C3%B6nes%20Hotel%0D%0AInhaber%20und%20Gesch%C3%A4ftsf%C3%BChrer%3A%0D%0AMein%20Name%0D%0AMeine%20Strasse%0D%0AMein%20Wohnort%2C%20%C3%96sterreich%0D%0A%0D%0ATel.%3A%20%2B43(1234)5678%0D%0AFax%3A%20%2B43(1234)5678-9%0D%0A%0D%0AUID%3A%2012345%0D%0A%0D%0AE-Mail%3A%20office%40musterhotel.at%0D%0AWeb-Site%3A%20http%3A%2F%2Fwww.musterhotel.at%0D%0A%0D%0AMitglied%20bei%20Wirtschaftskammer%20Bundesland%0D%0AFachgruppe%3A%20Hotellerie&amp;t=ff\" target=\"_blank\"><img class=\"smarterwiki-popup-bubble-link-favicon\" src=\"https:\/\/ff.duckduckgo.com\/favicon.ico\" alt=\"\" \/><\/a><\/span><span class=\"smarterwiki-popup-bubble-links-row\"><a class=\"smarterwiki-popup-bubble-link\" title=\"Search Google\" href=\"http:\/\/www.google.de\/search?q=Musterhotel%20Mein%20Sch%C3%B6nes%20Hotel%0D%0AInhaber%20und%20Gesch%C3%A4ftsf%C3%BChrer%3A%0D%0AMein%20Name%0D%0AMeine%20Strasse%0D%0AMein%20Wohnort%2C%20%C3%96sterreich%0D%0A%0D%0ATel.%3A%20%2B43(1234)5678%0D%0AFax%3A%20%2B43(1234)5678-9%0D%0A%0D%0AUID%3A%2012345%0D%0A%0D%0AE-Mail%3A%20office%40musterhotel.at%0D%0AWeb-Site%3A%20http%3A%2F%2Fwww.musterhotel.at%0D%0A%0D%0AMitglied%20bei%20Wirtschaftskammer%20Bundesland%0D%0AFachgruppe%3A%20Hotellerie\" target=\"_blank\"><img class=\"smarterwiki-popup-bubble-link-favicon\" src=\"https:\/\/www.google.com\/favicon.ico\" alt=\"\" \/><\/a><a class=\"smarterwiki-popup-bubble-link\" title=\"Search Bing\" href=\"http:\/\/search.conduit.com\/Results.aspx?q=Musterhotel%20Mein%20Sch%C3%B6nes%20Hotel%0D%0AInhaber%20und%20Gesch%C3%A4ftsf%C3%BChrer%3A%0D%0AMein%20Name%0D%0AMeine%20Strasse%0D%0AMein%20Wohnort%2C%20%C3%96sterreich%0D%0A%0D%0ATel.%3A%20%2B43(1234)5678%0D%0AFax%3A%20%2B43(1234)5678-9%0D%0A%0D%0AUID%3A%2012345%0D%0A%0D%0AE-Mail%3A%20office%40musterhotel.at%0D%0AWeb-Site%3A%20http%3A%2F%2Fwww.musterhotel.at%0D%0A%0D%0AMitglied%20bei%20Wirtschaftskammer%20Bundesland%0D%0AFachgruppe%3A%20Hotellerie&amp;SearchSource=45&amp;ctid=CT3303567\" target=\"_blank\"><img class=\"smarterwiki-popup-bubble-link-favicon\" src=\"http:\/\/www.bing.com\/favicon.ico\" alt=\"\" \/><\/a><\/span><\/span><\/span><\/span><\/span><\/p>\n","protected":false},"excerpt":{"rendered":"<p>IMPRESSUM Informationen gem\u00e4\u00df E-Commerce Gesetz: Musterhotel Mein Sch\u00f6nes Hotel Inhaber und Gesch\u00e4ftsf\u00fchrer: Mein Name Meine Strasse Mein Wohnort, \u00d6sterreich Tel.: +43(1234)5678 Fax: +43(1234)5678-9 UID: 12345 E-Mail: office@musterhotel.at Web-Site: http:\/\/www.musterhotel.at Mitglied bei Wirtschaftskammer Bundesland Fachgruppe: Hotellerie<\/p>\n","protected":false},"author":1,"featured_media":0,"parent":0,"menu_order":23,"comment_status":"closed","ping_status":"closed","template":"","meta":{"kt_blocks_editor_width":""},"_links":{"self":[{"href":"https:\/\/projektbox.lima-city.de\/TOURHOTEL\/wp-json\/wp\/v2\/pages\/164"}],"collection":[{"href":"https:\/\/projektbox.lima-city.de\/TOURHOTEL\/wp-json\/wp\/v2\/pages"}],"about":[{"href":"https:\/\/projektbox.lima-city.de\/TOURHOTEL\/wp-json\/wp\/v2\/types\/page"}],"author":[{"embeddable":true,"href":"https:\/\/projektbox.lima-city.de\/TOURHOTEL\/wp-json\/wp\/v2\/users\/1"}],"replies":[{"embeddable":true,"href":"https:\/\/projektbox.lima-city.de\/TOURHOTEL\/wp-json\/wp\/v2\/comments?post=164"}],"version-history":[{"count":0,"href":"https:\/\/projektbox.lima-city.de\/TOURHOTEL\/wp-json\/wp\/v2\/pages\/164\/revisions"}],"wp:attachment":[{"href":"https:\/\/projektbox.lima-city.de\/TOURHOTEL\/wp-json\/wp\/v2\/media?parent=164"}],"curies":[{"name":"wp","href":"https:\/\/api.w.org\/{rel}","templated":true}]}}