{"id":173,"date":"2013-10-16T13:31:16","date_gmt":"2013-10-16T11:31:16","guid":{"rendered":"http:\/\/projektbox.lima-city.de\/TOURHOTEL\/?page_id=173"},"modified":"2014-12-10T05:00:29","modified_gmt":"2014-12-10T04:00:29","slug":"kontakt","status":"publish","type":"page","link":"https:\/\/projektbox.lima-city.de\/TOURHOTEL\/kontakt\/","title":{"rendered":"KONTAKT"},"content":{"rendered":"<p>Kontaktformular in Deutsch &#8211; direkt \u00fcber die Internetseite vom Kunden an Mein Sch\u00f6nes Hotel.<\/p>\n<p>E-Mail Adresse nicht \u00f6ffentlich sichtbar (spart einen Haufen Spam).<\/p>\n","protected":false},"excerpt":{"rendered":"<p>Kontaktformular in Deutsch &#8211; direkt \u00fcber die Internetseite vom Kunden an Mein Sch\u00f6nes Hotel. E-Mail Adresse nicht \u00f6ffentlich sichtbar (spart einen Haufen Spam).<\/p>\n","protected":false},"author":1,"featured_media":0,"parent":0,"menu_order":12,"comment_status":"closed","ping_status":"closed","template":"","meta":{"kt_blocks_editor_width":""},"_links":{"self":[{"href":"https:\/\/projektbox.lima-city.de\/TOURHOTEL\/wp-json\/wp\/v2\/pages\/173"}],"collection":[{"href":"https:\/\/projektbox.lima-city.de\/TOURHOTEL\/wp-json\/wp\/v2\/pages"}],"about":[{"href":"https:\/\/projektbox.lima-city.de\/TOURHOTEL\/wp-json\/wp\/v2\/types\/page"}],"author":[{"embeddable":true,"href":"https:\/\/projektbox.lima-city.de\/TOURHOTEL\/wp-json\/wp\/v2\/users\/1"}],"replies":[{"embeddable":true,"href":"https:\/\/projektbox.lima-city.de\/TOURHOTEL\/wp-json\/wp\/v2\/comments?post=173"}],"version-history":[{"count":0,"href":"https:\/\/projektbox.lima-city.de\/TOURHOTEL\/wp-json\/wp\/v2\/pages\/173\/revisions"}],"wp:attachment":[{"href":"https:\/\/projektbox.lima-city.de\/TOURHOTEL\/wp-json\/wp\/v2\/media?parent=173"}],"curies":[{"name":"wp","href":"https:\/\/api.w.org\/{rel}","templated":true}]}}