{"id":190,"date":"2013-10-16T15:55:44","date_gmt":"2013-10-16T13:55:44","guid":{"rendered":"http:\/\/projektbox.lima-city.de\/TOURHOTEL\/?page_id=190"},"modified":"2014-12-10T08:11:20","modified_gmt":"2014-12-10T07:11:20","slug":"hotel-2","status":"publish","type":"page","link":"https:\/\/projektbox.lima-city.de\/TOURHOTEL\/hotel-2\/","title":{"rendered":"HOTEL"},"content":{"rendered":"<h3>Willkommen in Mein Sch\u00f6nes Hotel****<\/h3>\n<p>Genie\u00dfen Sie einen sch\u00f6nen und erlebnisreichen Aktivurlaub!<\/p>\n<p>Mein Sch\u00f6nes Hotel****\u00a0liegt in ruhiger und verkehrsfreier Lage abseits der Hauptstra\u00dfen.<br \/>\nEs ist nur 3 Gehminuten vom Seeufer und dem Ortszentrum entfernt.<br \/>\nHier findet man nach den vielen sportlichen M\u00f6glichkeiten den idealen Platz zur Entspannung und Erholung.<\/p>\n<p><img loading=\"lazy\" class=\"alignleft size-medium wp-image-1511\" src=\"http:\/\/projektbox.lima-city.de\/TOURHOTEL\/wp-content\/uploads\/hotel-531075_1920-480x360.jpg\" alt=\"hotel-531075_1920\" width=\"480\" height=\"360\" \/><\/p>\n<p><img loading=\"lazy\" class=\"alignleft size-medium wp-image-1495\" src=\"http:\/\/projektbox.lima-city.de\/TOURHOTEL\/wp-content\/uploads\/640_1376402012-480x360.jpg\" alt=\"640_1376402012\" width=\"480\" height=\"360\" srcset=\"https:\/\/projektbox.lima-city.de\/TOURHOTEL\/wp-content\/uploads\/640_1376402012-480x360.jpg 480w, https:\/\/projektbox.lima-city.de\/TOURHOTEL\/wp-content\/uploads\/640_1376402012-150x112.jpg 150w, https:\/\/projektbox.lima-city.de\/TOURHOTEL\/wp-content\/uploads\/640_1376402012-400x300.jpg 400w, https:\/\/projektbox.lima-city.de\/TOURHOTEL\/wp-content\/uploads\/640_1376402012.jpg 640w\" sizes=\"(max-width: 480px) 100vw, 480px\" \/>Nach den Aktivit\u00e4ten zu regenerieren und unter gleichgesinnten den Tag ausklingen zu lassen ist etwas besonders Sch\u00f6nes wird sehr gesch\u00e4tzt. Lassen Sie sich auf der Gartenterrasse von unserem Serviceteam mit k\u00f6stlichen Eisspezialit\u00e4ten oder k\u00fchlen Getr\u00e4nken so richtig verw\u00f6hnen.<\/p>\n<p><img loading=\"lazy\" class=\"alignleft size-medium wp-image-1499\" src=\"http:\/\/projektbox.lima-city.de\/TOURHOTEL\/wp-content\/uploads\/640_1397726279-480x360.jpg\" alt=\"640_1397726279\" width=\"480\" height=\"360\" srcset=\"https:\/\/projektbox.lima-city.de\/TOURHOTEL\/wp-content\/uploads\/640_1397726279-480x360.jpg 480w, https:\/\/projektbox.lima-city.de\/TOURHOTEL\/wp-content\/uploads\/640_1397726279-150x112.jpg 150w, https:\/\/projektbox.lima-city.de\/TOURHOTEL\/wp-content\/uploads\/640_1397726279-400x300.jpg 400w, https:\/\/projektbox.lima-city.de\/TOURHOTEL\/wp-content\/uploads\/640_1397726279.jpg 640w\" sizes=\"(max-width: 480px) 100vw, 480px\" \/>Die Ferienregion ist ein echtes Urlaubsparadies. Schwimmen, Tauchen, Baden, Surfen und Angeln an den sauberen Seen \u2014 da kommt Freude auf.<br \/>\nAktive Urlaubsg\u00e4ste finden in der vielseitigen Natur- und Kulturlandschaft Wanderwege, unz\u00e4hlige Berggipfel, Radrouten und zahlreiche Sehensw\u00fcrdigkeiten vor.<\/p>\n<p>&nbsp;<\/p>\n<p>Am Seeufer liegt unser Strandbad mit der Piratenbar\u00a0\u2014 perfekt zum faulenzen und \u201eabh\u00e4ngen\u201c.<br \/>\nDas Wasser hat Trinkwasserqualit\u00e4t und wird bis zu 28\u00b0C warm.<\/p>\n<p>Mein Sch\u00f6nes Hotel****\u00a0bietet eine Bike-Service-Garage mit dem notwendigen Werkzeug f\u00fcr Wartung und Reparaturen mit Waschplatz. Selberschrauber k\u00f6nnen hier auch ihr Motorrad zum kleinen Service abstellen.<\/p>\n","protected":false},"excerpt":{"rendered":"<p>Genie\u00dfen Sie einen sch\u00f6nen und erlebnisreichen Aktivurlaub!<br \/>\nDas Tourhotel Carinthia*** liegt in ruhiger und verkehrsfreier Lage abseits der Hauptstra\u00dfen. Es ist nur 3 Gehminuten vom Klopeiner See und dem Ortszentrum entfernt. Hier findet man nach den vielen sportlichen M\u00f6glichkeiten den idealen Platz zur Entspannung und Erholung.<\/p>\n","protected":false},"author":1,"featured_media":0,"parent":0,"menu_order":21,"comment_status":"closed","ping_status":"closed","template":"","meta":{"kt_blocks_editor_width":""},"_links":{"self":[{"href":"https:\/\/projektbox.lima-city.de\/TOURHOTEL\/wp-json\/wp\/v2\/pages\/190"}],"collection":[{"href":"https:\/\/projektbox.lima-city.de\/TOURHOTEL\/wp-json\/wp\/v2\/pages"}],"about":[{"href":"https:\/\/projektbox.lima-city.de\/TOURHOTEL\/wp-json\/wp\/v2\/types\/page"}],"author":[{"embeddable":true,"href":"https:\/\/projektbox.lima-city.de\/TOURHOTEL\/wp-json\/wp\/v2\/users\/1"}],"replies":[{"embeddable":true,"href":"https:\/\/projektbox.lima-city.de\/TOURHOTEL\/wp-json\/wp\/v2\/comments?post=190"}],"version-history":[{"count":0,"href":"https:\/\/projektbox.lima-city.de\/TOURHOTEL\/wp-json\/wp\/v2\/pages\/190\/revisions"}],"wp:attachment":[{"href":"https:\/\/projektbox.lima-city.de\/TOURHOTEL\/wp-json\/wp\/v2\/media?parent=190"}],"curies":[{"name":"wp","href":"https:\/\/api.w.org\/{rel}","templated":true}]}}