{"id":194,"date":"2013-10-16T16:06:31","date_gmt":"2013-10-16T14:06:31","guid":{"rendered":"http:\/\/projektbox.lima-city.de\/TOURHOTEL\/?page_id=194"},"modified":"2015-01-12T13:45:19","modified_gmt":"2015-01-12T12:45:19","slug":"ausstattung","status":"publish","type":"page","link":"https:\/\/projektbox.lima-city.de\/TOURHOTEL\/ausstattung\/","title":{"rendered":"AUSSTATTUNG"},"content":{"rendered":"<h3>Hotelausstattung:<\/h3>\n<p>Kapazit\u00e4t: 126 Betten, 5 Einzelzimmer, 23 Doppelzimmer, 26 Mehrbettzimmer.<\/p>\n<p><img loading=\"lazy\" class=\"alignleft size-medium wp-image-1512\" src=\"http:\/\/projektbox.lima-city.de\/TOURHOTEL\/wp-content\/uploads\/hotel-538766_1920-480x360.jpg\" alt=\"hotel-538766_1920\" width=\"480\" height=\"360\" srcset=\"https:\/\/projektbox.lima-city.de\/TOURHOTEL\/wp-content\/uploads\/hotel-538766_1920-480x360.jpg 480w, https:\/\/projektbox.lima-city.de\/TOURHOTEL\/wp-content\/uploads\/hotel-538766_1920-150x112.jpg 150w, https:\/\/projektbox.lima-city.de\/TOURHOTEL\/wp-content\/uploads\/hotel-538766_1920-1024x768.jpg 1024w, https:\/\/projektbox.lima-city.de\/TOURHOTEL\/wp-content\/uploads\/hotel-538766_1920-400x300.jpg 400w, https:\/\/projektbox.lima-city.de\/TOURHOTEL\/wp-content\/uploads\/hotel-538766_1920.jpg 1920w\" sizes=\"(max-width: 480px) 100vw, 480px\" \/><\/p>\n<p>Lobby, Rezeption mit Hotelsafe, Telefonservice, Lift, Aufenthaltsraum, Sauna, Solarium, Massage, Garten\/Wiese, Gartenterrasse mit Bedienung, Restaurant, Bar, Behinderten-WC, Tischtennis, Spielzimmer, Spielplatz, Spielsachen, Waschmaschine, Trockenraum f\u00fcr Biker-Kleidung und Schuhe, Skiraum, Radverleih, Parkpl\u00e4tze, Haustiere nach R\u00fccksprache gestattet.<\/p>\n<p><img loading=\"lazy\" class=\"alignleft size-medium wp-image-1496\" src=\"http:\/\/projektbox.lima-city.de\/TOURHOTEL\/wp-content\/uploads\/640_1397725443-480x360.jpg\" alt=\"640_1397725443\" width=\"480\" height=\"360\" srcset=\"https:\/\/projektbox.lima-city.de\/TOURHOTEL\/wp-content\/uploads\/640_1397725443-480x360.jpg 480w, https:\/\/projektbox.lima-city.de\/TOURHOTEL\/wp-content\/uploads\/640_1397725443-150x112.jpg 150w, https:\/\/projektbox.lima-city.de\/TOURHOTEL\/wp-content\/uploads\/640_1397725443-400x300.jpg 400w, https:\/\/projektbox.lima-city.de\/TOURHOTEL\/wp-content\/uploads\/640_1397725443.jpg 640w\" sizes=\"(max-width: 480px) 100vw, 480px\" \/>Eigener Badestrand an der S\u00fcdpromenade mit Kabinen, Toiletten, Schlie\u00dff\u00e4chern, Strandbuffet, gen\u00fcgend Parkpl\u00e4tze, Sonnenschirme und Liegen sowie Strandk\u00f6rbe.<\/p>\n<p>Zimmerausstattung: Balkon, Heizung, WC und Dusche, Haarf\u00f6n, Toilettartikel, Handt\u00fccher, Internetanschluss, Kabel-TV\/SAT-TV, Radio, Telefon, Zimmersafe, automatische Weckeinrichtung. Die Familiensuiten (Elternzimmer mit angrenzendem Kinderzimmer) sind mit Babyphone und K\u00fchlschrank ausgestattet. WLAN im ganzen Hotelbereich kostenlos.<\/p>\n<div id=\"kad-wp-gallery53\" class=\"kad-wp-gallery kad-light-wp-gallery clearfix kt-gallery-column-4 rowtight\"><div class=\"tcol-lg-3 tcol-md-3 tcol-sm-4 tcol-xs-6 tcol-ss-12 g_item\"><div class=\"grid_item kad_gallery_fade_in gallery_item\"><a href=\"https:\/\/projektbox.lima-city.de\/TOURHOTEL\/wp-content\/uploads\/hotel-531075_1920-e1425530321836.jpg\" data-rel=\"lightbox\" class=\"lightboxhover\"><img src=\"https:\/\/projektbox.lima-city.de\/TOURHOTEL\/wp-content\/uploads\/hotel-531075_1920-e1425530321836-300x300.jpg\" width=\"300\" height=\"300\" alt=\"\" srcset=\"https:\/\/projektbox.lima-city.de\/TOURHOTEL\/wp-content\/uploads\/hotel-531075_1920-e1425530321836-300x300.jpg 300w, https:\/\/projektbox.lima-city.de\/TOURHOTEL\/wp-content\/uploads\/hotel-531075_1920-e1425530321836-600x600.jpg 600w\" sizes=\"(max-width: 300px) 100vw, 300px\" class=\"light-dropshaddow\"\/><\/a><\/div><\/div><div class=\"tcol-lg-3 tcol-md-3 tcol-sm-4 tcol-xs-6 tcol-ss-12 g_item\"><div class=\"grid_item kad_gallery_fade_in gallery_item\"><a href=\"https:\/\/projektbox.lima-city.de\/TOURHOTEL\/wp-content\/uploads\/640_1376401887.jpg\" data-rel=\"lightbox\" class=\"lightboxhover\"><img src=\"https:\/\/projektbox.lima-city.de\/TOURHOTEL\/wp-content\/uploads\/640_1376401887-300x300.jpg\" width=\"300\" height=\"300\" alt=\"\" srcset=\"https:\/\/projektbox.lima-city.de\/TOURHOTEL\/wp-content\/uploads\/640_1376401887-300x300.jpg 300w, https:\/\/projektbox.lima-city.de\/TOURHOTEL\/wp-content\/uploads\/640_1376401887-200x200.jpg 200w\" sizes=\"(max-width: 300px) 100vw, 300px\" class=\"light-dropshaddow\"\/><\/a><\/div><\/div><div class=\"tcol-lg-3 tcol-md-3 tcol-sm-4 tcol-xs-6 tcol-ss-12 g_item\"><div class=\"grid_item kad_gallery_fade_in gallery_item\"><a href=\"https:\/\/projektbox.lima-city.de\/TOURHOTEL\/wp-content\/uploads\/hotel-538766_1920.jpg\" data-rel=\"lightbox\" class=\"lightboxhover\"><img src=\"https:\/\/projektbox.lima-city.de\/TOURHOTEL\/wp-content\/uploads\/hotel-538766_1920-300x300.jpg\" width=\"300\" height=\"300\" alt=\"\" srcset=\"https:\/\/projektbox.lima-city.de\/TOURHOTEL\/wp-content\/uploads\/hotel-538766_1920-300x300.jpg 300w, https:\/\/projektbox.lima-city.de\/TOURHOTEL\/wp-content\/uploads\/hotel-538766_1920-200x200.jpg 200w, https:\/\/projektbox.lima-city.de\/TOURHOTEL\/wp-content\/uploads\/hotel-538766_1920-600x600.jpg 600w\" sizes=\"(max-width: 300px) 100vw, 300px\" class=\"light-dropshaddow\"\/><\/a><\/div><\/div><div class=\"tcol-lg-3 tcol-md-3 tcol-sm-4 tcol-xs-6 tcol-ss-12 g_item\"><div class=\"grid_item kad_gallery_fade_in gallery_item\"><a href=\"https:\/\/projektbox.lima-city.de\/TOURHOTEL\/wp-content\/uploads\/chateau-margaux-459568_1920.jpg\" data-rel=\"lightbox\" class=\"lightboxhover\"><img src=\"https:\/\/projektbox.lima-city.de\/TOURHOTEL\/wp-content\/uploads\/chateau-margaux-459568_1920-300x300.jpg\" width=\"300\" height=\"300\" alt=\"\" srcset=\"https:\/\/projektbox.lima-city.de\/TOURHOTEL\/wp-content\/uploads\/chateau-margaux-459568_1920-300x300.jpg 300w, https:\/\/projektbox.lima-city.de\/TOURHOTEL\/wp-content\/uploads\/chateau-margaux-459568_1920-200x200.jpg 200w, https:\/\/projektbox.lima-city.de\/TOURHOTEL\/wp-content\/uploads\/chateau-margaux-459568_1920-600x600.jpg 600w, https:\/\/projektbox.lima-city.de\/TOURHOTEL\/wp-content\/uploads\/chateau-margaux-459568_1920-800x800.jpg 800w, https:\/\/projektbox.lima-city.de\/TOURHOTEL\/wp-content\/uploads\/chateau-margaux-459568_1920-400x400.jpg 400w\" sizes=\"(max-width: 300px) 100vw, 300px\" class=\"light-dropshaddow\"\/><\/a><\/div><\/div><div class=\"tcol-lg-3 tcol-md-3 tcol-sm-4 tcol-xs-6 tcol-ss-12 g_item\"><div class=\"grid_item kad_gallery_fade_in gallery_item\"><a href=\"https:\/\/projektbox.lima-city.de\/TOURHOTEL\/wp-content\/uploads\/640_1344347114.jpg\" data-rel=\"lightbox\" class=\"lightboxhover\"><img src=\"https:\/\/projektbox.lima-city.de\/TOURHOTEL\/wp-content\/uploads\/640_1344347114-300x300.jpg\" width=\"300\" height=\"300\" alt=\"\" srcset=\"https:\/\/projektbox.lima-city.de\/TOURHOTEL\/wp-content\/uploads\/640_1344347114-300x300.jpg 300w, https:\/\/projektbox.lima-city.de\/TOURHOTEL\/wp-content\/uploads\/640_1344347114-200x200.jpg 200w\" sizes=\"(max-width: 300px) 100vw, 300px\" class=\"light-dropshaddow\"\/><\/a><\/div><\/div><div class=\"tcol-lg-3 tcol-md-3 tcol-sm-4 tcol-xs-6 tcol-ss-12 g_item\"><div class=\"grid_item kad_gallery_fade_in gallery_item\"><a href=\"https:\/\/projektbox.lima-city.de\/TOURHOTEL\/wp-content\/uploads\/640_1397726279.jpg\" data-rel=\"lightbox\" class=\"lightboxhover\"><img src=\"https:\/\/projektbox.lima-city.de\/TOURHOTEL\/wp-content\/uploads\/640_1397726279-300x300.jpg\" width=\"300\" height=\"300\" alt=\"\" srcset=\"https:\/\/projektbox.lima-city.de\/TOURHOTEL\/wp-content\/uploads\/640_1397726279-300x300.jpg 300w, https:\/\/projektbox.lima-city.de\/TOURHOTEL\/wp-content\/uploads\/640_1397726279-200x200.jpg 200w\" sizes=\"(max-width: 300px) 100vw, 300px\" class=\"light-dropshaddow\"\/><\/a><\/div><\/div><div class=\"tcol-lg-3 tcol-md-3 tcol-sm-4 tcol-xs-6 tcol-ss-12 g_item\"><div class=\"grid_item kad_gallery_fade_in gallery_item\"><a href=\"https:\/\/projektbox.lima-city.de\/TOURHOTEL\/wp-content\/uploads\/640_1397725443.jpg\" data-rel=\"lightbox\" class=\"lightboxhover\"><img src=\"https:\/\/projektbox.lima-city.de\/TOURHOTEL\/wp-content\/uploads\/640_1397725443-300x300.jpg\" width=\"300\" height=\"300\" alt=\"\" srcset=\"https:\/\/projektbox.lima-city.de\/TOURHOTEL\/wp-content\/uploads\/640_1397725443-300x300.jpg 300w, https:\/\/projektbox.lima-city.de\/TOURHOTEL\/wp-content\/uploads\/640_1397725443-200x200.jpg 200w\" sizes=\"(max-width: 300px) 100vw, 300px\" class=\"light-dropshaddow\"\/><\/a><\/div><\/div><div class=\"tcol-lg-3 tcol-md-3 tcol-sm-4 tcol-xs-6 tcol-ss-12 g_item\"><div class=\"grid_item kad_gallery_fade_in gallery_item\"><a href=\"https:\/\/projektbox.lima-city.de\/TOURHOTEL\/wp-content\/uploads\/640_1376401868.jpg\" data-rel=\"lightbox\" class=\"lightboxhover\"><img src=\"https:\/\/projektbox.lima-city.de\/TOURHOTEL\/wp-content\/uploads\/640_1376401868-300x300.jpg\" width=\"300\" height=\"300\" alt=\"\" srcset=\"https:\/\/projektbox.lima-city.de\/TOURHOTEL\/wp-content\/uploads\/640_1376401868-300x300.jpg 300w, https:\/\/projektbox.lima-city.de\/TOURHOTEL\/wp-content\/uploads\/640_1376401868-200x200.jpg 200w\" sizes=\"(max-width: 300px) 100vw, 300px\" class=\"light-dropshaddow\"\/><\/a><\/div><\/div><div class=\"tcol-lg-3 tcol-md-3 tcol-sm-4 tcol-xs-6 tcol-ss-12 g_item\"><div class=\"grid_item kad_gallery_fade_in gallery_item\"><a href=\"https:\/\/projektbox.lima-city.de\/TOURHOTEL\/wp-content\/uploads\/640_1313681953.jpg\" data-rel=\"lightbox\" class=\"lightboxhover\"><img src=\"https:\/\/projektbox.lima-city.de\/TOURHOTEL\/wp-content\/uploads\/640_1313681953-300x300.jpg\" width=\"300\" height=\"300\" alt=\"\" srcset=\"https:\/\/projektbox.lima-city.de\/TOURHOTEL\/wp-content\/uploads\/640_1313681953-300x300.jpg 300w, https:\/\/projektbox.lima-city.de\/TOURHOTEL\/wp-content\/uploads\/640_1313681953-200x200.jpg 200w\" sizes=\"(max-width: 300px) 100vw, 300px\" class=\"light-dropshaddow\"\/><\/a><\/div><\/div><div class=\"tcol-lg-3 tcol-md-3 tcol-sm-4 tcol-xs-6 tcol-ss-12 g_item\"><div class=\"grid_item kad_gallery_fade_in gallery_item\"><a href=\"https:\/\/projektbox.lima-city.de\/TOURHOTEL\/wp-content\/uploads\/640_1414685651.jpg\" data-rel=\"lightbox\" class=\"lightboxhover\"><img src=\"https:\/\/projektbox.lima-city.de\/TOURHOTEL\/wp-content\/uploads\/640_1414685651-300x300.jpg\" width=\"300\" height=\"300\" alt=\"\" srcset=\"https:\/\/projektbox.lima-city.de\/TOURHOTEL\/wp-content\/uploads\/640_1414685651-300x300.jpg 300w, https:\/\/projektbox.lima-city.de\/TOURHOTEL\/wp-content\/uploads\/640_1414685651-200x200.jpg 200w\" sizes=\"(max-width: 300px) 100vw, 300px\" class=\"light-dropshaddow\"\/><\/a><\/div><\/div><div class=\"tcol-lg-3 tcol-md-3 tcol-sm-4 tcol-xs-6 tcol-ss-12 g_item\"><div class=\"grid_item kad_gallery_fade_in gallery_item\"><a href=\"https:\/\/projektbox.lima-city.de\/TOURHOTEL\/wp-content\/uploads\/640_1363882529.jpg\" data-rel=\"lightbox\" class=\"lightboxhover\"><img src=\"https:\/\/projektbox.lima-city.de\/TOURHOTEL\/wp-content\/uploads\/640_1363882529-300x300.jpg\" width=\"300\" height=\"300\" alt=\"\" srcset=\"https:\/\/projektbox.lima-city.de\/TOURHOTEL\/wp-content\/uploads\/640_1363882529-300x300.jpg 300w, https:\/\/projektbox.lima-city.de\/TOURHOTEL\/wp-content\/uploads\/640_1363882529-200x200.jpg 200w\" sizes=\"(max-width: 300px) 100vw, 300px\" class=\"light-dropshaddow\"\/><\/a><\/div><\/div><div class=\"tcol-lg-3 tcol-md-3 tcol-sm-4 tcol-xs-6 tcol-ss-12 g_item\"><div class=\"grid_item kad_gallery_fade_in gallery_item\"><a href=\"https:\/\/projektbox.lima-city.de\/TOURHOTEL\/wp-content\/uploads\/640_1414685705.jpg\" data-rel=\"lightbox\" class=\"lightboxhover\"><img src=\"https:\/\/projektbox.lima-city.de\/TOURHOTEL\/wp-content\/uploads\/640_1414685705-300x300.jpg\" width=\"300\" height=\"300\" alt=\"\" srcset=\"https:\/\/projektbox.lima-city.de\/TOURHOTEL\/wp-content\/uploads\/640_1414685705-300x300.jpg 300w, https:\/\/projektbox.lima-city.de\/TOURHOTEL\/wp-content\/uploads\/640_1414685705-200x200.jpg 200w\" sizes=\"(max-width: 300px) 100vw, 300px\" class=\"light-dropshaddow\"\/><\/a><\/div><\/div><div class=\"tcol-lg-3 tcol-md-3 tcol-sm-4 tcol-xs-6 tcol-ss-12 g_item\"><div class=\"grid_item kad_gallery_fade_in gallery_item\"><a href=\"https:\/\/projektbox.lima-city.de\/TOURHOTEL\/wp-content\/uploads\/640_1397725822.jpg\" data-rel=\"lightbox\" class=\"lightboxhover\"><img src=\"https:\/\/projektbox.lima-city.de\/TOURHOTEL\/wp-content\/uploads\/640_1397725822-300x300.jpg\" width=\"300\" height=\"300\" alt=\"\" srcset=\"https:\/\/projektbox.lima-city.de\/TOURHOTEL\/wp-content\/uploads\/640_1397725822-300x300.jpg 300w, https:\/\/projektbox.lima-city.de\/TOURHOTEL\/wp-content\/uploads\/640_1397725822-200x200.jpg 200w\" sizes=\"(max-width: 300px) 100vw, 300px\" class=\"light-dropshaddow\"\/><\/a><\/div><\/div><div class=\"tcol-lg-3 tcol-md-3 tcol-sm-4 tcol-xs-6 tcol-ss-12 g_item\"><div class=\"grid_item kad_gallery_fade_in gallery_item\"><a href=\"https:\/\/projektbox.lima-city.de\/TOURHOTEL\/wp-content\/uploads\/640_1414685759.jpg\" data-rel=\"lightbox\" class=\"lightboxhover\"><img src=\"https:\/\/projektbox.lima-city.de\/TOURHOTEL\/wp-content\/uploads\/640_1414685759-300x300.jpg\" width=\"300\" height=\"300\" alt=\"\" srcset=\"https:\/\/projektbox.lima-city.de\/TOURHOTEL\/wp-content\/uploads\/640_1414685759-300x300.jpg 300w, https:\/\/projektbox.lima-city.de\/TOURHOTEL\/wp-content\/uploads\/640_1414685759-200x200.jpg 200w\" sizes=\"(max-width: 300px) 100vw, 300px\" class=\"light-dropshaddow\"\/><\/a><\/div><\/div><\/div>\n","protected":false},"excerpt":{"rendered":"<p>Hotelausstattung: Kapazit\u00e4t: 126 Betten, 5 Einzelzimmer, 23 Doppelzimmer, 26 Mehrbettzimmer. Lobby, Rezeption mit Hotelsafe, Telefonservice, Lift, Aufenthaltsraum, Sauna, Solarium, Massage, Garten\/Wiese, Gartenterrasse mit Bedienung, Restaurant, Bar, Behinderten-WC, Tischtennis, Spielzimmer, Spielplatz, Spielsachen, Waschmaschine, Trockenraum f\u00fcr Biker-Kleidung und Schuhe, Skiraum, Radverleih, Parkpl\u00e4tze, &hellip; <a href=\"https:\/\/projektbox.lima-city.de\/TOURHOTEL\/ausstattung\/\">Weiter<\/a><\/p>\n","protected":false},"author":1,"featured_media":0,"parent":0,"menu_order":20,"comment_status":"closed","ping_status":"closed","template":"","meta":{"kt_blocks_editor_width":""},"_links":{"self":[{"href":"https:\/\/projektbox.lima-city.de\/TOURHOTEL\/wp-json\/wp\/v2\/pages\/194"}],"collection":[{"href":"https:\/\/projektbox.lima-city.de\/TOURHOTEL\/wp-json\/wp\/v2\/pages"}],"about":[{"href":"https:\/\/projektbox.lima-city.de\/TOURHOTEL\/wp-json\/wp\/v2\/types\/page"}],"author":[{"embeddable":true,"href":"https:\/\/projektbox.lima-city.de\/TOURHOTEL\/wp-json\/wp\/v2\/users\/1"}],"replies":[{"embeddable":true,"href":"https:\/\/projektbox.lima-city.de\/TOURHOTEL\/wp-json\/wp\/v2\/comments?post=194"}],"version-history":[{"count":0,"href":"https:\/\/projektbox.lima-city.de\/TOURHOTEL\/wp-json\/wp\/v2\/pages\/194\/revisions"}],"wp:attachment":[{"href":"https:\/\/projektbox.lima-city.de\/TOURHOTEL\/wp-json\/wp\/v2\/media?parent=194"}],"curies":[{"name":"wp","href":"https:\/\/api.w.org\/{rel}","templated":true}]}}