{"id":355,"date":"2013-10-22T06:04:03","date_gmt":"2013-10-22T04:04:03","guid":{"rendered":"http:\/\/projektbox.lima-city.de\/TOURHOTEL\/?page_id=355"},"modified":"2014-12-10T04:42:14","modified_gmt":"2014-12-10T03:42:14","slug":"preise-angebote","status":"publish","type":"page","link":"https:\/\/projektbox.lima-city.de\/TOURHOTEL\/preise-angebote\/","title":{"rendered":"PREISE &#038; ANGEBOTE"},"content":{"rendered":"<table style=\"width: 100%;\" border=\"0\" cellspacing=\"0\" cellpadding=\"4\">\n<tbody>\n<tr valign=\"top\">\n<td width=\"199\"><span style=\"font-family: Trebuchet MS,sans-serif;\"><span style=\"font-size: small;\">Preise in \u20ac Tag\/Person<\/span><\/span><\/td>\n<td width=\"72\"><span style=\"font-family: Trebuchet MS,sans-serif;\"><span style=\"font-size: xx-small;\">01.05.- 17.05.<br \/>\n31.08.-10.10.<\/span><\/span><\/td>\n<td width=\"94\"><span style=\"font-family: Trebuchet MS,sans-serif;\"><span style=\"font-size: xx-small;\">18.05.-05.07.<br \/>\n24.08.-30.08.<\/span><\/span><\/td>\n<td width=\"78\"><span style=\"font-family: Trebuchet MS,sans-serif;\"><span style=\"font-size: xx-small;\">06.07.-12.07.<\/span><\/span><\/td>\n<td width=\"72\"><span style=\"font-family: Trebuchet MS,sans-serif;\"><span style=\"font-size: xx-small;\">13.07.-26.07.<br \/>\n17.08.-23.08.<\/span><\/span><\/td>\n<td width=\"79\"><span style=\"font-family: Trebuchet MS,sans-serif;\"><span style=\"font-size: xx-small;\">27.07.-16.08.<\/span><\/span><\/td>\n<\/tr>\n<tr>\n<td width=\"199\"><\/td>\n<td width=\"72\"><\/td>\n<td width=\"94\"><\/td>\n<td width=\"78\"><\/td>\n<td width=\"72\"><\/td>\n<td width=\"79\"><\/td>\n<\/tr>\n<tr>\n<td colspan=\"6\" width=\"634\" height=\"70\"><span style=\"font-family: Trebuchet MS,sans-serif;\"><span style=\"font-family: Trebuchet MS,sans-serif;\"><span style=\"font-size: small;\"><span style=\"text-decoration: underline;\"><span style=\"font-size: medium;\"><b>\u00dcbernachtung mit Fr\u00fchst\u00fcck<\/b><\/span><\/span><br \/>\n<span style=\"text-decoration: underline;\">inkl. Fr\u00fchst\u00fccksbuffet mit Vitamin-Ecke<\/span>, verschiedenen Wurst- und K\u00e4sesorten, Joghurt, M\u00fcsli, Wei\u00dfgeb\u00e4ck, Vollkornbrot, frisches Obst, Fruchtsaft, Tee, Kaffee. Bei sch\u00f6nem Wetter auch Terrassenbetrieb.<\/span><\/span><\/span><\/td>\n<\/tr>\n<tr>\n<td width=\"199\"><span style=\"font-family: Trebuchet MS,sans-serif;\"><span style=\"font-size: small;\">Einzel-Zimmer<\/span><\/span><\/td>\n<td width=\"72\">\u20ac <span style=\"font-family: Trebuchet MS,sans-serif;\"><span style=\"font-size: small;\">47,00<\/span><\/span><\/td>\n<td width=\"94\">\u20ac <span style=\"font-family: Trebuchet MS,sans-serif;\"><span style=\"font-size: small;\">51,00<\/span><\/span><\/td>\n<td width=\"78\">\u20ac <span style=\"font-family: Trebuchet MS,sans-serif;\"><span style=\"font-size: small;\">53,00<\/span><\/span><\/td>\n<td width=\"72\">\u20ac <span style=\"font-family: Trebuchet MS,sans-serif;\"><span style=\"font-size: small;\">56,00<\/span><\/span><\/td>\n<td width=\"79\">\u20ac <span style=\"font-family: Trebuchet MS,sans-serif;\"><span style=\"font-size: small;\">59,00<\/span><\/span><\/td>\n<\/tr>\n<tr>\n<td colspan=\"6\" width=\"634\"><\/td>\n<\/tr>\n<tr>\n<td width=\"199\"><span style=\"font-family: Trebuchet MS,sans-serif;\"><span style=\"font-size: small;\">Doppel-Zimmer<\/span><\/span><\/td>\n<td width=\"72\">\u20ac <span style=\"font-family: Trebuchet MS,sans-serif;\"><span style=\"font-size: small;\">36,00<\/span><\/span><\/td>\n<td width=\"94\">\u20ac <span style=\"font-family: Trebuchet MS,sans-serif;\"><span style=\"font-size: small;\">40,00<\/span><\/span><\/td>\n<td width=\"78\">\u20ac <span style=\"font-family: Trebuchet MS,sans-serif;\"><span style=\"font-size: small;\">42,00<\/span><\/span><\/td>\n<td width=\"72\">\u20ac <span style=\"font-family: Trebuchet MS,sans-serif;\"><span style=\"font-size: small;\">45,00<\/span><\/span><\/td>\n<td width=\"79\">\u20ac <span style=\"font-family: Trebuchet MS,sans-serif;\"><span style=\"font-size: small;\">48,00<\/span><\/span><\/td>\n<\/tr>\n<tr>\n<td width=\"199\"><\/td>\n<td width=\"72\"><\/td>\n<td width=\"94\"><\/td>\n<td width=\"78\"><\/td>\n<td width=\"72\"><\/td>\n<td width=\"79\"><\/td>\n<\/tr>\n<tr>\n<td width=\"199\"><span style=\"font-family: Trebuchet MS,sans-serif;\"><span style=\"font-size: small;\">Familieneinheit A (3 Personen)<\/span><\/span><\/td>\n<td width=\"72\">\u20ac <span style=\"font-family: Trebuchet MS,sans-serif;\"><span style=\"font-size: small;\">36,00<\/span><\/span><\/td>\n<td width=\"94\">\u20ac <span style=\"font-family: Trebuchet MS,sans-serif;\"><span style=\"font-size: small;\">40,00<\/span><\/span><\/td>\n<td width=\"78\">\u20ac <span style=\"font-family: Trebuchet MS,sans-serif;\"><span style=\"font-size: small;\">42,00<\/span><\/span><\/td>\n<td width=\"72\">\u20ac <span style=\"font-family: Trebuchet MS,sans-serif;\"><span style=\"font-size: small;\">45,00<\/span><\/span><\/td>\n<td width=\"79\"><span style=\"font-family: Trebuchet MS,sans-serif;\"><span style=\"font-size: small;\">n. verf\u00fcgbar<\/span><\/span><\/td>\n<\/tr>\n<tr>\n<td width=\"199\"><\/td>\n<td width=\"72\"><\/td>\n<td width=\"94\"><\/td>\n<td width=\"78\"><\/td>\n<td width=\"72\"><\/td>\n<td width=\"79\"><\/td>\n<\/tr>\n<tr>\n<td width=\"199\"><span style=\"font-family: Trebuchet MS,sans-serif;\"><span style=\"font-size: small;\">Familieneinheit B (4 Personen)<\/span><\/span><\/td>\n<td width=\"72\">\u20ac <span style=\"font-family: Trebuchet MS,sans-serif;\"><span style=\"font-size: small;\">36,00<\/span><\/span><\/td>\n<td width=\"94\">\u20ac <span style=\"font-family: Trebuchet MS,sans-serif;\"><span style=\"font-size: small;\">40,00<\/span><\/span><\/td>\n<td width=\"78\">\u20ac <span style=\"font-family: Trebuchet MS,sans-serif;\"><span style=\"font-size: small;\">42,00<\/span><\/span><\/td>\n<td width=\"72\">\u20ac <span style=\"font-family: Trebuchet MS,sans-serif;\"><span style=\"font-size: small;\">45,00<\/span><\/span><\/td>\n<td width=\"79\">\u20ac <span style=\"font-family: Trebuchet MS,sans-serif;\"><span style=\"font-size: small;\">48,00<\/span><\/span><\/td>\n<\/tr>\n<tr>\n<td colspan=\"6\" width=\"634\" height=\"52\"><span style=\"font-family: Trebuchet MS,sans-serif;\"><span style=\"font-size: small;\">Zimmer-Ausstattung mit Balkon, Heizung, Dusche\/WC, Haarf\u00f6hn, Toilettartikel, Handt\u00fccher, Internetanschluss, Kabel-TV\/SAT-TV, Safe, Telefon, Weckeinrichtung, Wireless-LAN (kostenlos!).<br \/>\nFamilieneinheiten: Doppel-Zimmer, durch T\u00fcre getrenntes Nebenzimmer, zus\u00e4tzlich K\u00fchlschrank.<\/span><\/span><\/td>\n<\/tr>\n<tr>\n<td colspan=\"6\" width=\"634\"><\/td>\n<\/tr>\n<tr>\n<td colspan=\"6\" width=\"634\" height=\"149\"><span style=\"font-family: Trebuchet MS,sans-serif;\"><span style=\"font-size: small;\"><span style=\"font-size: medium;\"><b>\u00dcbernachtung mit Halbpension EXTRA<\/b><\/span><br \/>\n<span style=\"text-decoration: underline;\">Fr\u00fchst\u00fcck inkl. Fr\u00fchst\u00fccksbuffet<\/span> mit Vitamin-Ecke, verschiedenen Wurst- und K\u00e4sesorten, Joghurt, M\u00fcsli, Wei\u00dfgeb\u00e4ck, Vollkornbrot, frisches Obst, Fruchtsaft, Tee, Kaffee. Bei sch\u00f6nem Wetter auch Terrassenbetrieb, wo \u201cham and eggs\u201d am Grill selbst zubereitet werden k\u00f6nnen.<\/span><\/span><span style=\"font-family: Trebuchet MS,sans-serif;\"><span style=\"font-size: small;\"><span style=\"text-decoration: underline;\">Abendessen:<\/span> 3 k\u00f6stliche Wahlmen\u00fcs, davon eines vegetarisch, gro\u00dfes Salatbuffet.<br \/>\nAlle offenen Getr\u00e4nke zum Abendessen von 17.30 bis 19:30 Uhr (Bier, Wein, Limo, S\u00e4fte, Mineralwasser) inklusive.<\/span><\/span><\/td>\n<\/tr>\n<tr>\n<td width=\"199\"><span style=\"font-family: Trebuchet MS,sans-serif;\"><span style=\"font-size: small;\">Einzel-Zimmer<\/span><\/span><\/td>\n<td width=\"72\">\u20ac <span style=\"font-family: Trebuchet MS,sans-serif;\"><span style=\"font-size: small;\">56,00<\/span><\/span><\/td>\n<td width=\"94\">\u20ac <span style=\"font-family: Trebuchet MS,sans-serif;\"><span style=\"font-size: small;\">60,00<\/span><\/span><\/td>\n<td width=\"78\">\u20ac <span style=\"font-family: Trebuchet MS,sans-serif;\"><span style=\"font-size: small;\">62,00<\/span><\/span><\/td>\n<td width=\"72\">\u20ac <span style=\"font-family: Trebuchet MS,sans-serif;\"><span style=\"font-size: small;\">65,00<\/span><\/span><\/td>\n<td width=\"79\">\u20ac <span style=\"font-family: Trebuchet MS,sans-serif;\"><span style=\"font-size: small;\">68,00<\/span><\/span><\/td>\n<\/tr>\n<tr>\n<td colspan=\"6\" width=\"634\"><\/td>\n<\/tr>\n<tr>\n<td width=\"199\"><span style=\"font-family: Trebuchet MS,sans-serif;\"><span style=\"font-size: small;\">Doppel-Zimmer<\/span><\/span><\/td>\n<td width=\"72\">\u20ac <span style=\"font-family: Trebuchet MS,sans-serif;\"><span style=\"font-size: small;\">45,00<\/span><\/span><\/td>\n<td width=\"94\">\u20ac <span style=\"font-family: Trebuchet MS,sans-serif;\"><span style=\"font-size: small;\">49,00<\/span><\/span><\/td>\n<td width=\"78\">\u20ac <span style=\"font-family: Trebuchet MS,sans-serif;\"><span style=\"font-size: small;\">51,00<\/span><\/span><\/td>\n<td width=\"72\">\u20ac <span style=\"font-family: Trebuchet MS,sans-serif;\"><span style=\"font-size: small;\">54,00<\/span><\/span><\/td>\n<td width=\"79\">\u20ac <span style=\"font-family: Trebuchet MS,sans-serif;\"><span style=\"font-size: small;\">57,00<\/span><\/span><\/td>\n<\/tr>\n<tr>\n<td width=\"199\"><\/td>\n<td width=\"72\"><\/td>\n<td width=\"94\"><\/td>\n<td width=\"78\"><\/td>\n<td width=\"72\"><\/td>\n<td width=\"79\"><\/td>\n<\/tr>\n<tr>\n<td width=\"199\"><span style=\"font-family: Trebuchet MS,sans-serif;\"><span style=\"font-size: small;\">Familieneinheit A (3 Personen)<\/span><\/span><\/td>\n<td width=\"72\">\u20ac <span style=\"font-family: Trebuchet MS,sans-serif;\"><span style=\"font-size: small;\">45,00<\/span><\/span><\/td>\n<td width=\"94\">\u20ac <span style=\"font-family: Trebuchet MS,sans-serif;\"><span style=\"font-size: small;\">49,00<\/span><\/span><\/td>\n<td width=\"78\">\u20ac <span style=\"font-family: Trebuchet MS,sans-serif;\"><span style=\"font-size: small;\">51,00<\/span><\/span><\/td>\n<td width=\"72\">\u20ac <span style=\"font-family: Trebuchet MS,sans-serif;\"><span style=\"font-size: small;\">54,00<\/span><\/span><\/td>\n<td width=\"79\">\u20ac <span style=\"font-family: Trebuchet MS,sans-serif;\"><span style=\"font-size: small;\">57,00<\/span><\/span><\/td>\n<\/tr>\n<tr>\n<td width=\"199\"><\/td>\n<td width=\"72\"><\/td>\n<td width=\"94\"><\/td>\n<td width=\"78\"><\/td>\n<td width=\"72\"><\/td>\n<td width=\"79\"><\/td>\n<\/tr>\n<tr>\n<td width=\"199\"><span style=\"font-family: Trebuchet MS,sans-serif;\"><span style=\"font-size: small;\">Familieneinheit B (4 Personen)<\/span><\/span><\/td>\n<td width=\"72\">\u20ac <span style=\"font-family: Trebuchet MS,sans-serif;\"><span style=\"font-size: small;\">45,00<\/span><\/span><\/td>\n<td width=\"94\">\u20ac <span style=\"font-family: Trebuchet MS,sans-serif;\"><span style=\"font-size: small;\">49,00<\/span><\/span><\/td>\n<td width=\"78\">\u20ac <span style=\"font-family: Trebuchet MS,sans-serif;\"><span style=\"font-size: small;\">51,00<\/span><\/span><\/td>\n<td width=\"72\">\u20ac <span style=\"font-family: Trebuchet MS,sans-serif;\"><span style=\"font-size: small;\">54,00<\/span><\/span><\/td>\n<td width=\"79\">\u20ac <span style=\"font-family: Trebuchet MS,sans-serif;\"><span style=\"font-size: small;\">57,00<\/span><\/span><\/td>\n<\/tr>\n<tr>\n<td colspan=\"6\" width=\"634\" height=\"54\"><span style=\"font-family: Trebuchet MS,sans-serif;\"><span style=\"font-size: small;\">Zimmer-Ausstattung mit Balkon, Heizung, Dusche\/WC, Haarf\u00f6hn, Toilettartikel, Handt\u00fccher, Internetanschluss, Kabel-TV\/SAT-TV, Safe, Telefon, Weckeinrichtung, Wireless-LAN (kostenlos!).<br \/>\nFamilieneinheiten: Doppel-Zimmer, durch T\u00fcre getrenntes Nebenzimmer, zus\u00e4tzlich K\u00fchlschrank.<\/span><\/span><\/td>\n<\/tr>\n<tr>\n<td colspan=\"6\" width=\"634\" height=\"4\"><\/td>\n<\/tr>\n<tr>\n<td colspan=\"6\" width=\"634\" height=\"148\"><span style=\"font-family: Trebuchet MS,sans-serif;\"><span style=\"font-size: small;\"><span style=\"font-size: medium;\"><b>\u00dcbernachtung mit ALL-INKLUSIVE <\/b><\/span><br \/>\n<span style=\"text-decoration: underline;\">Fr\u00fchst\u00fcck inkl. Fr\u00fchst\u00fccksbuffet<\/span> mit Vitamin-Ecke, verschiedenen Wurst- und K\u00e4sesorten, Joghurt, M\u00fcsli, Wei\u00dfgeb\u00e4ck, Vollkornbrot, frisches Obst, Fruchtsaft, Tee, Kaffee. Bei sch\u00f6nem Wetter auch Terrassenbetrieb, wo \u201cham and eggs\u201d am Grill selbst zubereitet werden k\u00f6nnen.<\/span><\/span><span style=\"font-family: Trebuchet MS,sans-serif;\"><span style=\"font-size: small;\"><span style=\"text-decoration: underline;\">Mittags:<\/span> Suppe oder Snack oder Radlerjause\/Lunchpaket, nachmittags Kuchen\/Torte im Hotel inklusive.<\/span><\/span><span style=\"font-family: Trebuchet MS,sans-serif;\"><span style=\"font-size: small;\"><span style=\"text-decoration: underline;\">Abendessen:<\/span> 3 k\u00f6stliche Wahlmen\u00fcs, davon eines vegetarisch, gro\u00dfes Salatbuffet.<br \/>\nAlle offenen Getr\u00e4nke von 10.00 bis 22.00 Uhr (Bier, Wein, Limo, S\u00e4fte, Mineralwasser, Kaffee) inklusive.<\/span><\/span><\/td>\n<\/tr>\n<tr>\n<td width=\"199\"><span style=\"font-family: Trebuchet MS,sans-serif;\"><span style=\"font-size: small;\">Einzel-Zimmer<\/span><\/span><\/td>\n<td width=\"72\">\u20ac <span style=\"font-family: Trebuchet MS,sans-serif;\"><span style=\"font-size: small;\">67,00<\/span><\/span><\/td>\n<td width=\"94\">\u20ac <span style=\"font-family: Trebuchet MS,sans-serif;\"><span style=\"font-size: small;\">71,00<\/span><\/span><\/td>\n<td width=\"78\">\u20ac <span style=\"font-family: Trebuchet MS,sans-serif;\"><span style=\"font-size: small;\">73,00<\/span><\/span><\/td>\n<td width=\"72\">\u20ac <span style=\"font-family: Trebuchet MS,sans-serif;\"><span style=\"font-size: small;\">76,00<\/span><\/span><\/td>\n<td width=\"79\">\u20ac <span style=\"font-family: Trebuchet MS,sans-serif;\"><span style=\"font-size: small;\">79,00<\/span><\/span><\/td>\n<\/tr>\n<tr>\n<td width=\"199\"><\/td>\n<td width=\"72\"><\/td>\n<td width=\"94\"><\/td>\n<td width=\"78\"><\/td>\n<td width=\"72\"><\/td>\n<td width=\"79\"><\/td>\n<\/tr>\n<tr>\n<td width=\"199\"><span style=\"font-family: Trebuchet MS,sans-serif;\"><span style=\"font-size: small;\">Doppel-Zimmer<\/span><\/span><\/td>\n<td width=\"72\">\u20ac <span style=\"font-family: Trebuchet MS,sans-serif;\"><span style=\"font-size: small;\">56,00<\/span><\/span><\/td>\n<td width=\"94\">\u20ac <span style=\"font-family: Trebuchet MS,sans-serif;\"><span style=\"font-size: small;\">60,00<\/span><\/span><\/td>\n<td width=\"78\">\u20ac <span style=\"font-family: Trebuchet MS,sans-serif;\"><span style=\"font-size: small;\">62,00<\/span><\/span><\/td>\n<td width=\"72\">\u20ac <span style=\"font-family: Trebuchet MS,sans-serif;\"><span style=\"font-size: small;\">65,00<\/span><\/span><\/td>\n<td width=\"79\">\u20ac <span style=\"font-family: Trebuchet MS,sans-serif;\"><span style=\"font-size: small;\">68,00<\/span><\/span><\/td>\n<\/tr>\n<tr>\n<td width=\"199\"><\/td>\n<td width=\"72\"><\/td>\n<td width=\"94\"><\/td>\n<td width=\"78\"><\/td>\n<td width=\"72\"><\/td>\n<td width=\"79\"><\/td>\n<\/tr>\n<tr>\n<td width=\"199\"><span style=\"font-family: Trebuchet MS,sans-serif;\"><span style=\"font-size: small;\">Familieneinheit A (3 Personen)<\/span><\/span><\/td>\n<td width=\"72\">\u20ac <span style=\"font-family: Trebuchet MS,sans-serif;\"><span style=\"font-size: small;\">56,00<\/span><\/span><\/td>\n<td width=\"94\">\u20ac <span style=\"font-family: Trebuchet MS,sans-serif;\"><span style=\"font-size: small;\">60,00<\/span><\/span><\/td>\n<td width=\"78\">\u20ac <span style=\"font-family: Trebuchet MS,sans-serif;\"><span style=\"font-size: small;\">62,00<\/span><\/span><\/td>\n<td width=\"72\">\u20ac <span style=\"font-family: Trebuchet MS,sans-serif;\"><span style=\"font-size: small;\">65,00<\/span><\/span><\/td>\n<td width=\"79\">\u20ac <span style=\"font-family: Trebuchet MS,sans-serif;\"><span style=\"font-size: small;\">68,00<\/span><\/span><\/td>\n<\/tr>\n<tr>\n<td width=\"199\"><\/td>\n<td width=\"72\"><\/td>\n<td width=\"94\"><\/td>\n<td width=\"78\"><\/td>\n<td width=\"72\"><\/td>\n<td width=\"79\"><\/td>\n<\/tr>\n<tr>\n<td width=\"199\"><span style=\"font-family: Trebuchet MS,sans-serif;\"><span style=\"font-size: small;\">Familieneinheit B (4 Personen)<\/span><\/span><\/td>\n<td width=\"72\">\u20ac <span style=\"font-family: Trebuchet MS,sans-serif;\"><span style=\"font-size: small;\">56,00<\/span><\/span><\/td>\n<td width=\"94\">\u20ac <span style=\"font-family: Trebuchet MS,sans-serif;\"><span style=\"font-size: small;\">60,00<\/span><\/span><\/td>\n<td width=\"78\">\u20ac <span style=\"font-family: Trebuchet MS,sans-serif;\"><span style=\"font-size: small;\">62,00<\/span><\/span><\/td>\n<td width=\"72\">\u20ac <span style=\"font-family: Trebuchet MS,sans-serif;\"><span style=\"font-size: small;\">65,00<\/span><\/span><\/td>\n<td width=\"79\">\u20ac <span style=\"font-family: Trebuchet MS,sans-serif;\"><span style=\"font-size: small;\">68,00<\/span><\/span><\/td>\n<\/tr>\n<tr>\n<td colspan=\"6\" width=\"634\" height=\"53\"><span style=\"font-family: Trebuchet MS,sans-serif;\"><span style=\"font-size: small;\">Zimmer-Ausstattung mit Balkon, Heizung, Dusche\/WC, Haarf\u00f6hn, Toilettartikel, Handt\u00fccher, Internetanschluss, Kabel-TV\/SAT-TV, Safe, Telefon, Weckeinrichtung, Wireless-LAN (kostenlos!).<br \/>\nFamilieneinheiten: Doppel-Zimmer, durch T\u00fcre getrenntes Nebenzimmer, zus\u00e4tzlich K\u00fchlschrank.<\/span><\/span><\/td>\n<\/tr>\n<tr>\n<td colspan=\"6\" width=\"634\"><\/td>\n<\/tr>\n<tr>\n<td colspan=\"6\" width=\"634\" height=\"94\"><span style=\"font-family: Trebuchet MS,sans-serif;\"><span style=\"font-size: small;\"><span style=\"text-decoration: underline;\">F\u00fcr alle Zimmerkategorien:<\/span> Kostenlose Ben\u00fctzung des eigenen Badestrands an der S\u00fcdpromenade mit Kabinen, Toiletten, Schlie\u00dff\u00e4chern, Strandbuffet, gen\u00fcgend Parkpl\u00e4tze, Sonnenschirme und Liegen sowie Strandk\u00f6rbe.<\/span><\/span><\/p>\n<p><span style=\"font-family: Trebuchet MS,sans-serif;\"><span style=\"font-size: small;\">Kostenlose Ben\u00fctzung eines pers\u00f6nlich abgestimmten Rades f\u00fcr die Dauer des Urlaubsaufenthaltes inklusive kostenloser Ben\u00fctzung der Bike-Service-Garage mit dem notwendigen Werkzeug und Schmiermittel f\u00fcr Wartung und Reparaturen.<\/span><\/span><\/td>\n<\/tr>\n<tr>\n<td colspan=\"6\" width=\"634\"><\/td>\n<\/tr>\n<tr>\n<td colspan=\"6\" width=\"634\" height=\"76\"><span style=\"font-family: Trebuchet MS,sans-serif;\"><span style=\"font-size: small;\">Kindererm\u00e4\u00dfigungen: <span style=\"font-family: Trebuchet MS,sans-serif;\">\u2015<\/span>1 Jahr 80%, <span style=\"font-family: Trebuchet MS,sans-serif;\">\u2015<\/span>2 Jahre 60%, <span style=\"font-family: Trebuchet MS,sans-serif;\">\u2015<\/span>6 Jahre 50%, <span style=\"font-family: Trebuchet MS,sans-serif;\">\u2015<\/span>13 Jahre 40%, <span style=\"font-family: Trebuchet MS,sans-serif;\">\u2015<\/span>17 Jahre30%.<\/span><\/span><\/p>\n<p><span style=\"font-family: Trebuchet MS,sans-serif;\"><span style=\"font-size: small;\">Fr\u00fchbucher-Bonus von 5% auf alle Preise und Angebote bei Buchung bis 31. M\u00e4rz.<br \/>\nKurzaufenthalte ab 2 Tagen m\u00f6glich; bis zu 3 Tagen Kurzaufenthaltszuschlag + 10%.<\/span><\/span><\/p>\n<p><span style=\"font-family: Trebuchet MS,sans-serif;\"><span style=\"font-size: small;\">Alle Geb\u00fchren und Steuern inklusive. Angebote vorbehaltlich Verf\u00fcgbarkeit. Sportangebote vorbehaltlich Sicherheits- und Wetterbedingungen. Alle Preise und Angebote <\/span><\/span><span style=\"font-family: Trebuchet MS,sans-serif;\"><span style=\"font-size: small;\"> f\u00fcr 2015 <\/span><\/span><span style=\"font-family: Trebuchet MS,sans-serif;\"><span style=\"font-size: small;\">vorbehaltlich \u00c4nderungen, Druck- bzw. Satzfehlern.<\/span><\/span><\/td>\n<\/tr>\n<\/tbody>\n<\/table>\n","protected":false},"excerpt":{"rendered":"<p>Preise in \u20ac Tag\/Person 01.05.- 17.05. 31.08.-10.10. 18.05.-05.07. 24.08.-30.08. 06.07.-12.07. 13.07.-26.07. 17.08.-23.08. 27.07.-16.08. \u00dcbernachtung mit Fr\u00fchst\u00fcck inkl. Fr\u00fchst\u00fccksbuffet mit Vitamin-Ecke, verschiedenen Wurst- und K\u00e4sesorten, Joghurt, M\u00fcsli, Wei\u00dfgeb\u00e4ck, Vollkornbrot, frisches Obst, Fruchtsaft, Tee, Kaffee. Bei sch\u00f6nem Wetter auch Terrassenbetrieb. Einzel-Zimmer \u20ac &hellip; <a href=\"https:\/\/projektbox.lima-city.de\/TOURHOTEL\/preise-angebote\/\">Weiter<\/a><\/p>\n","protected":false},"author":1,"featured_media":0,"parent":0,"menu_order":17,"comment_status":"closed","ping_status":"closed","template":"page-feature-sidebar.php","meta":{"kt_blocks_editor_width":""},"_links":{"self":[{"href":"https:\/\/projektbox.lima-city.de\/TOURHOTEL\/wp-json\/wp\/v2\/pages\/355"}],"collection":[{"href":"https:\/\/projektbox.lima-city.de\/TOURHOTEL\/wp-json\/wp\/v2\/pages"}],"about":[{"href":"https:\/\/projektbox.lima-city.de\/TOURHOTEL\/wp-json\/wp\/v2\/types\/page"}],"author":[{"embeddable":true,"href":"https:\/\/projektbox.lima-city.de\/TOURHOTEL\/wp-json\/wp\/v2\/users\/1"}],"replies":[{"embeddable":true,"href":"https:\/\/projektbox.lima-city.de\/TOURHOTEL\/wp-json\/wp\/v2\/comments?post=355"}],"version-history":[{"count":0,"href":"https:\/\/projektbox.lima-city.de\/TOURHOTEL\/wp-json\/wp\/v2\/pages\/355\/revisions"}],"wp:attachment":[{"href":"https:\/\/projektbox.lima-city.de\/TOURHOTEL\/wp-json\/wp\/v2\/media?parent=355"}],"curies":[{"name":"wp","href":"https:\/\/api.w.org\/{rel}","templated":true}]}}