{"id":365,"date":"2013-10-24T04:51:50","date_gmt":"2013-10-24T02:51:50","guid":{"rendered":"http:\/\/projektbox.lima-city.de\/TOURHOTEL\/?page_id=365"},"modified":"2014-12-10T06:59:01","modified_gmt":"2014-12-10T05:59:01","slug":"aktivitaeten-2","status":"publish","type":"page","link":"https:\/\/projektbox.lima-city.de\/TOURHOTEL\/aktivitaeten-2\/","title":{"rendered":"AKTIVIT\u00c4TEN"},"content":{"rendered":"<h4>Mit einem mediterranen Klima und viel Sonnenschein ist K\u00e4rnten ein echtes Urlaubsparadies.<\/h4>\n<p><img loading=\"lazy\" class=\"alignleft wp-image-905 size-full\" src=\"http:\/\/projektbox.lima-city.de\/TOURHOTEL\/wp-content\/uploads\/463248_original_R_K_B_by_Rainer-Sturm_pixelio.jpg\" alt=\"Der Rucksack muss mit!\" width=\"480\" height=\"360\" data-id=\"905\" srcset=\"https:\/\/projektbox.lima-city.de\/TOURHOTEL\/wp-content\/uploads\/463248_original_R_K_B_by_Rainer-Sturm_pixelio.jpg 480w, https:\/\/projektbox.lima-city.de\/TOURHOTEL\/wp-content\/uploads\/463248_original_R_K_B_by_Rainer-Sturm_pixelio-400x300.jpg 400w\" sizes=\"(max-width: 480px) 100vw, 480px\" \/>Schwimmen und Wassersport an den sauberen Seen ist die eine Seite. Urlaubserlebnisse mit sportlichen Highlights in der vielseitigen Natur- und Kulturlandschaft rund um den See die andere.<\/p>\n<p>800 km Wanderpfade, mehr als 1.200 km Radwege, Bergtouren aller Schwierigkeitsgrade zu unz\u00e4hligen Gipfeln, Klettersteige, Flussl\u00e4ufe, ein gut ausgebautes Stra\u00dfennetz und zahlreiche Sehensw\u00fcrdigkeiten bilden den Rahmen f\u00fcr einen anspruchsvollen Aktivurlaub.<\/p>\n","protected":false},"excerpt":{"rendered":"<p>Mit einem mediterranen Klima und viel Sonnenschein ist K\u00e4rnten ein echtes Urlaubsparadies. Schwimmen und Wassersport an den sauberen Seen ist die eine Seite. Urlaubserlebnisse mit sportlichen Highlights in der vielseitigen Natur- und Kulturlandschaft rund um den See die andere. 800 &hellip; <a href=\"https:\/\/projektbox.lima-city.de\/TOURHOTEL\/aktivitaeten-2\/\">Weiter<\/a><\/p>\n","protected":false},"author":1,"featured_media":0,"parent":0,"menu_order":13,"comment_status":"closed","ping_status":"closed","template":"","meta":{"kt_blocks_editor_width":""},"_links":{"self":[{"href":"https:\/\/projektbox.lima-city.de\/TOURHOTEL\/wp-json\/wp\/v2\/pages\/365"}],"collection":[{"href":"https:\/\/projektbox.lima-city.de\/TOURHOTEL\/wp-json\/wp\/v2\/pages"}],"about":[{"href":"https:\/\/projektbox.lima-city.de\/TOURHOTEL\/wp-json\/wp\/v2\/types\/page"}],"author":[{"embeddable":true,"href":"https:\/\/projektbox.lima-city.de\/TOURHOTEL\/wp-json\/wp\/v2\/users\/1"}],"replies":[{"embeddable":true,"href":"https:\/\/projektbox.lima-city.de\/TOURHOTEL\/wp-json\/wp\/v2\/comments?post=365"}],"version-history":[{"count":0,"href":"https:\/\/projektbox.lima-city.de\/TOURHOTEL\/wp-json\/wp\/v2\/pages\/365\/revisions"}],"wp:attachment":[{"href":"https:\/\/projektbox.lima-city.de\/TOURHOTEL\/wp-json\/wp\/v2\/media?parent=365"}],"curies":[{"name":"wp","href":"https:\/\/api.w.org\/{rel}","templated":true}]}}