{"id":376,"date":"2013-10-24T05:51:46","date_gmt":"2013-10-24T03:51:46","guid":{"rendered":"http:\/\/projektbox.lima-city.de\/TOURHOTEL\/?page_id=376"},"modified":"2014-12-10T08:44:37","modified_gmt":"2014-12-10T07:44:37","slug":"umgebung","status":"publish","type":"page","link":"https:\/\/projektbox.lima-city.de\/TOURHOTEL\/umgebung\/","title":{"rendered":"UMGEBUNG"},"content":{"rendered":"<h3><strong>Die vielen Ausflugsziele in der Umgebung sind ein Hit!<\/strong><\/h3>\n<p>Rund um den See finden Sie zahlreiche M\u00f6glichkeiten. Im Umkreis von wenigen Kilometern finden Sie ein tolles Angebot!<\/p>\n<div id=\"kad-wp-gallery69\" class=\"kad-wp-gallery kad-light-wp-gallery clearfix kt-gallery-column-3 rowtight\"><div class=\"tcol-lg-4 tcol-md-4 tcol-sm-4 tcol-xs-6 tcol-ss-12 g_item\"><div class=\"grid_item kad_gallery_fade_in gallery_item\"><a href=\"https:\/\/projektbox.lima-city.de\/TOURHOTEL\/wp-content\/uploads\/chateau-margaux-459568_1920.jpg\" data-rel=\"lightbox\" class=\"lightboxhover\"><img src=\"https:\/\/projektbox.lima-city.de\/TOURHOTEL\/wp-content\/uploads\/chateau-margaux-459568_1920-400x400.jpg\" width=\"400\" height=\"400\" alt=\"\" srcset=\"https:\/\/projektbox.lima-city.de\/TOURHOTEL\/wp-content\/uploads\/chateau-margaux-459568_1920-400x400.jpg 400w, https:\/\/projektbox.lima-city.de\/TOURHOTEL\/wp-content\/uploads\/chateau-margaux-459568_1920-200x200.jpg 200w, https:\/\/projektbox.lima-city.de\/TOURHOTEL\/wp-content\/uploads\/chateau-margaux-459568_1920-600x600.jpg 600w, https:\/\/projektbox.lima-city.de\/TOURHOTEL\/wp-content\/uploads\/chateau-margaux-459568_1920-300x300.jpg 300w, https:\/\/projektbox.lima-city.de\/TOURHOTEL\/wp-content\/uploads\/chateau-margaux-459568_1920-800x800.jpg 800w\" sizes=\"(max-width: 400px) 100vw, 400px\" class=\"light-dropshaddow\"\/><\/a><\/div><\/div><div class=\"tcol-lg-4 tcol-md-4 tcol-sm-4 tcol-xs-6 tcol-ss-12 g_item\"><div class=\"grid_item kad_gallery_fade_in gallery_item\"><a href=\"https:\/\/projektbox.lima-city.de\/TOURHOTEL\/wp-content\/uploads\/pyramidenkogel_neu.jpg\" data-rel=\"lightbox\" class=\"lightboxhover\"><img src=\"https:\/\/projektbox.lima-city.de\/TOURHOTEL\/wp-content\/uploads\/pyramidenkogel_neu.jpg\" width=\"480\" height=\"360\" alt=\"\" srcset=\"https:\/\/projektbox.lima-city.de\/TOURHOTEL\/wp-content\/uploads\/pyramidenkogel_neu.jpg 480w, https:\/\/projektbox.lima-city.de\/TOURHOTEL\/wp-content\/uploads\/pyramidenkogel_neu-400x300.jpg 400w\" sizes=\"(max-width: 480px) 100vw, 480px\" class=\"light-dropshaddow\"\/><\/a><\/div><\/div><div class=\"tcol-lg-4 tcol-md-4 tcol-sm-4 tcol-xs-6 tcol-ss-12 g_item\"><div class=\"grid_item kad_gallery_fade_in gallery_item\"><a href=\"https:\/\/projektbox.lima-city.de\/TOURHOTEL\/wp-content\/uploads\/pyramidenkogel_gem_keutschach.jpg\" data-rel=\"lightbox\" class=\"lightboxhover\"><img src=\"https:\/\/projektbox.lima-city.de\/TOURHOTEL\/wp-content\/uploads\/pyramidenkogel_gem_keutschach.jpg\" width=\"480\" height=\"360\" alt=\"\" srcset=\"https:\/\/projektbox.lima-city.de\/TOURHOTEL\/wp-content\/uploads\/pyramidenkogel_gem_keutschach.jpg 480w, https:\/\/projektbox.lima-city.de\/TOURHOTEL\/wp-content\/uploads\/pyramidenkogel_gem_keutschach-400x300.jpg 400w\" sizes=\"(max-width: 480px) 100vw, 480px\" class=\"light-dropshaddow\"\/><\/a><\/div><\/div><div class=\"tcol-lg-4 tcol-md-4 tcol-sm-4 tcol-xs-6 tcol-ss-12 g_item\"><div class=\"grid_item kad_gallery_fade_in gallery_item\"><a href=\"https:\/\/projektbox.lima-city.de\/TOURHOTEL\/wp-content\/uploads\/logarska_dolina.jpg\" data-rel=\"lightbox\" class=\"lightboxhover\"><img src=\"https:\/\/projektbox.lima-city.de\/TOURHOTEL\/wp-content\/uploads\/logarska_dolina.jpg\" width=\"480\" height=\"360\" alt=\"\" srcset=\"https:\/\/projektbox.lima-city.de\/TOURHOTEL\/wp-content\/uploads\/logarska_dolina.jpg 480w, https:\/\/projektbox.lima-city.de\/TOURHOTEL\/wp-content\/uploads\/logarska_dolina-400x300.jpg 400w\" sizes=\"(max-width: 480px) 100vw, 480px\" class=\"light-dropshaddow\"\/><\/a><\/div><\/div><div class=\"tcol-lg-4 tcol-md-4 tcol-sm-4 tcol-xs-6 tcol-ss-12 g_item\"><div class=\"grid_item kad_gallery_fade_in gallery_item\"><a href=\"https:\/\/projektbox.lima-city.de\/TOURHOTEL\/wp-content\/uploads\/gostisce-ob-plansarskem-jezeru-kranj-55530_clientHome.jpg\" data-rel=\"lightbox\" class=\"lightboxhover\"><img src=\"https:\/\/projektbox.lima-city.de\/TOURHOTEL\/wp-content\/uploads\/gostisce-ob-plansarskem-jezeru-kranj-55530_clientHome.jpg\" width=\"480\" height=\"360\" alt=\"Mit dem Motorrad in Slowenien\" srcset=\"https:\/\/projektbox.lima-city.de\/TOURHOTEL\/wp-content\/uploads\/gostisce-ob-plansarskem-jezeru-kranj-55530_clientHome.jpg 480w, https:\/\/projektbox.lima-city.de\/TOURHOTEL\/wp-content\/uploads\/gostisce-ob-plansarskem-jezeru-kranj-55530_clientHome-400x300.jpg 400w\" sizes=\"(max-width: 480px) 100vw, 480px\" class=\"light-dropshaddow\"\/><\/a><\/div><\/div><div class=\"tcol-lg-4 tcol-md-4 tcol-sm-4 tcol-xs-6 tcol-ss-12 g_item\"><div class=\"grid_item kad_gallery_fade_in gallery_item\"><a href=\"https:\/\/projektbox.lima-city.de\/TOURHOTEL\/wp-content\/uploads\/6780066017_11cf85c031_o_Michael-R-Perry_photo-on-flickr.jpg\" data-rel=\"lightbox\" class=\"lightboxhover\"><img src=\"https:\/\/projektbox.lima-city.de\/TOURHOTEL\/wp-content\/uploads\/6780066017_11cf85c031_o_Michael-R-Perry_photo-on-flickr.jpg\" width=\"480\" height=\"360\" alt=\"\" srcset=\"https:\/\/projektbox.lima-city.de\/TOURHOTEL\/wp-content\/uploads\/6780066017_11cf85c031_o_Michael-R-Perry_photo-on-flickr.jpg 480w, https:\/\/projektbox.lima-city.de\/TOURHOTEL\/wp-content\/uploads\/6780066017_11cf85c031_o_Michael-R-Perry_photo-on-flickr-400x300.jpg 400w\" sizes=\"(max-width: 480px) 100vw, 480px\" class=\"light-dropshaddow\"\/><\/a><\/div><\/div><div class=\"tcol-lg-4 tcol-md-4 tcol-sm-4 tcol-xs-6 tcol-ss-12 g_item\"><div class=\"grid_item kad_gallery_fade_in gallery_item\"><a href=\"https:\/\/projektbox.lima-city.de\/TOURHOTEL\/wp-content\/uploads\/11073179774_ab27c6ac21_o_acoustic_lakeside.jpg\" data-rel=\"lightbox\" class=\"lightboxhover\"><img src=\"https:\/\/projektbox.lima-city.de\/TOURHOTEL\/wp-content\/uploads\/11073179774_ab27c6ac21_o_acoustic_lakeside.jpg\" width=\"480\" height=\"360\" alt=\"\" srcset=\"https:\/\/projektbox.lima-city.de\/TOURHOTEL\/wp-content\/uploads\/11073179774_ab27c6ac21_o_acoustic_lakeside.jpg 480w, https:\/\/projektbox.lima-city.de\/TOURHOTEL\/wp-content\/uploads\/11073179774_ab27c6ac21_o_acoustic_lakeside-150x112.jpg 150w, https:\/\/projektbox.lima-city.de\/TOURHOTEL\/wp-content\/uploads\/11073179774_ab27c6ac21_o_acoustic_lakeside-400x300.jpg 400w\" sizes=\"(max-width: 480px) 100vw, 480px\" class=\"light-dropshaddow\"\/><\/a><\/div><\/div><div class=\"tcol-lg-4 tcol-md-4 tcol-sm-4 tcol-xs-6 tcol-ss-12 g_item\"><div class=\"grid_item kad_gallery_fade_in gallery_item\"><a href=\"https:\/\/projektbox.lima-city.de\/TOURHOTEL\/wp-content\/uploads\/597386_original_R_K_B_by_berggeist007_pixelio.jpg\" data-rel=\"lightbox\" class=\"lightboxhover\"><img src=\"https:\/\/projektbox.lima-city.de\/TOURHOTEL\/wp-content\/uploads\/597386_original_R_K_B_by_berggeist007_pixelio.jpg\" width=\"480\" height=\"360\" alt=\"Hoch hinaus\" srcset=\"https:\/\/projektbox.lima-city.de\/TOURHOTEL\/wp-content\/uploads\/597386_original_R_K_B_by_berggeist007_pixelio.jpg 480w, https:\/\/projektbox.lima-city.de\/TOURHOTEL\/wp-content\/uploads\/597386_original_R_K_B_by_berggeist007_pixelio-400x300.jpg 400w\" sizes=\"(max-width: 480px) 100vw, 480px\" class=\"light-dropshaddow\"\/><\/a><\/div><\/div><div class=\"tcol-lg-4 tcol-md-4 tcol-sm-4 tcol-xs-6 tcol-ss-12 g_item\"><div class=\"grid_item kad_gallery_fade_in gallery_item\"><a href=\"https:\/\/projektbox.lima-city.de\/TOURHOTEL\/wp-content\/uploads\/obirhoehlen.jpg\" data-rel=\"lightbox\" class=\"lightboxhover\"><img src=\"https:\/\/projektbox.lima-city.de\/TOURHOTEL\/wp-content\/uploads\/obirhoehlen.jpg\" width=\"480\" height=\"360\" alt=\"\" srcset=\"https:\/\/projektbox.lima-city.de\/TOURHOTEL\/wp-content\/uploads\/obirhoehlen.jpg 480w, https:\/\/projektbox.lima-city.de\/TOURHOTEL\/wp-content\/uploads\/obirhoehlen-400x300.jpg 400w\" sizes=\"(max-width: 480px) 100vw, 480px\" class=\"light-dropshaddow\"\/><\/a><\/div><\/div><div class=\"tcol-lg-4 tcol-md-4 tcol-sm-4 tcol-xs-6 tcol-ss-12 g_item\"><div class=\"grid_item kad_gallery_fade_in gallery_item\"><a href=\"https:\/\/projektbox.lima-city.de\/TOURHOTEL\/wp-content\/uploads\/668163_original_R_K_by_Wolfgang-Dirscherl_pixelio.jpg\" data-rel=\"lightbox\" class=\"lightboxhover\"><img src=\"https:\/\/projektbox.lima-city.de\/TOURHOTEL\/wp-content\/uploads\/668163_original_R_K_by_Wolfgang-Dirscherl_pixelio.jpg\" width=\"480\" height=\"360\" alt=\"\" srcset=\"https:\/\/projektbox.lima-city.de\/TOURHOTEL\/wp-content\/uploads\/668163_original_R_K_by_Wolfgang-Dirscherl_pixelio.jpg 480w, https:\/\/projektbox.lima-city.de\/TOURHOTEL\/wp-content\/uploads\/668163_original_R_K_by_Wolfgang-Dirscherl_pixelio-400x300.jpg 400w\" sizes=\"(max-width: 480px) 100vw, 480px\" class=\"light-dropshaddow\"\/><\/a><\/div><\/div><div class=\"tcol-lg-4 tcol-md-4 tcol-sm-4 tcol-xs-6 tcol-ss-12 g_item\"><div class=\"grid_item kad_gallery_fade_in gallery_item\"><a href=\"https:\/\/projektbox.lima-city.de\/TOURHOTEL\/wp-content\/uploads\/feuerwerk-e1382072452123.jpg\" data-rel=\"lightbox\" class=\"lightboxhover\"><img src=\"https:\/\/projektbox.lima-city.de\/TOURHOTEL\/wp-content\/uploads\/feuerwerk-e1382072452123.jpg\" width=\"480\" height=\"360\" alt=\"Klopeiner See - See in Flammen\"  class=\"light-dropshaddow\"\/><\/a><\/div><\/div><\/div>\n<p>Golfpark (als Gast eines Golfgr\u00fcnder-Hotels erhalten Sie 20% Erm\u00e4\u00dfigung) \u2022 Reitm\u00f6glichkeiten, Windsurfing-Schule \u2022 Schwimm-Schule \u2022 Tennispl\u00e4tze und Tennishalle \u2022 Beach-Volley-Pl\u00e4tze \u2022 Tauchschule.<\/p>\n<p>Abenteuer Natur in der Walderlebniswelt \u2022 Drauschifffahrt S\u00fcdk\u00e4rnten \u2022 Bergbahn Petzen \u2022 Petzen Klettergarten \u2022 Petzen Stollenbiken \u2022 Bungy Jumping Jauntalbr\u00fccke \u2022 Sommerrodelbahn \u2022 Obir-Tropfsteinh\u00f6hlen \u2022 Tropfsteinh\u00f6hle Griffen \u2022 Schlossberg Griffen \u2022 Vogelpark \u2022 Wildgehege \u2022 Naturschutzgebiet \u2022 Stiftskr\u00e4utergarten und Bienenlehrpfad \u2022 Naturdenkmal Wildensteiner Wasserfall \u2022 H\u00e4ngebr\u00fccke Santa Lucia \u2022 Faszination Sternwarte<\/p>\n<p>Schatzkammer Stift St. Paul (35 km) \u2022 Burg Hochosterwitz \u2013 gr\u00f6\u00dfte Burg \u00d6sterreichs (35 km) \u2022 Arch\u00e4ologischer Park Magdalensberg (35 km) \u2022 Gurker Dom (35 km) \u2022 Minimundus (30 km) \u2022 Pyramidenkogel (35km) \u2022 Oldtimer Museum Villach (65 km) \u2022 Porsche-Museum Gm\u00fcnd (110) km).<\/p>\n<p>Au\u00dferdem im Ort: Tourismusb\u00fcro, Promenaden, Einkaufsm\u00f6glichkeiten, Bauernmarkt, Restaurants, Bars, Pubs, Caf\u00e9s, Discos, Banken, Gemeindeamt, Polizei, Post-Service, \u00c4rzte, Taxi-Shuttle, Apotheke, KFZ-Werkst\u00e4tten, Tankstellen etc.<\/p>\n","protected":false},"excerpt":{"rendered":"<p>Die vielen Ausflugsziele in der Umgebung sind ein Hit! Rund um den See finden Sie zahlreiche M\u00f6glichkeiten. Im Umkreis von wenigen Kilometern finden Sie ein tolles Angebot! Golfpark (als Gast eines Golfgr\u00fcnder-Hotels erhalten Sie 20% Erm\u00e4\u00dfigung) \u2022 Reitm\u00f6glichkeiten, Windsurfing-Schule \u2022 &hellip; <a href=\"https:\/\/projektbox.lima-city.de\/TOURHOTEL\/umgebung\/\">Weiter<\/a><\/p>\n","protected":false},"author":1,"featured_media":0,"parent":0,"menu_order":19,"comment_status":"closed","ping_status":"closed","template":"","meta":{"kt_blocks_editor_width":""},"_links":{"self":[{"href":"https:\/\/projektbox.lima-city.de\/TOURHOTEL\/wp-json\/wp\/v2\/pages\/376"}],"collection":[{"href":"https:\/\/projektbox.lima-city.de\/TOURHOTEL\/wp-json\/wp\/v2\/pages"}],"about":[{"href":"https:\/\/projektbox.lima-city.de\/TOURHOTEL\/wp-json\/wp\/v2\/types\/page"}],"author":[{"embeddable":true,"href":"https:\/\/projektbox.lima-city.de\/TOURHOTEL\/wp-json\/wp\/v2\/users\/1"}],"replies":[{"embeddable":true,"href":"https:\/\/projektbox.lima-city.de\/TOURHOTEL\/wp-json\/wp\/v2\/comments?post=376"}],"version-history":[{"count":0,"href":"https:\/\/projektbox.lima-city.de\/TOURHOTEL\/wp-json\/wp\/v2\/pages\/376\/revisions"}],"wp:attachment":[{"href":"https:\/\/projektbox.lima-city.de\/TOURHOTEL\/wp-json\/wp\/v2\/media?parent=376"}],"curies":[{"name":"wp","href":"https:\/\/api.w.org\/{rel}","templated":true}]}}