{"id":630,"date":"2013-11-12T07:03:38","date_gmt":"2013-11-12T05:03:38","guid":{"rendered":"http:\/\/projektbox.lima-city.de\/TOURHOTEL\/?p=630"},"modified":"2014-12-10T07:13:29","modified_gmt":"2014-12-10T06:13:29","slug":"natur-erleben","status":"publish","type":"page","link":"https:\/\/projektbox.lima-city.de\/TOURHOTEL\/natur-erleben\/","title":{"rendered":"NATUR ERLEBEN"},"content":{"rendered":"<h3>Wanderungen f\u00fcr anspruchsvolle Naturgenie\u00dfer<\/h3>\n<p lang=\"\">Sport und Bewegung im Urlaub ist eine feine Sache. Die Region Muster-See bietet neben genussvollen Badestunden an den Seen auch unber\u00fchrte Naturidylle.<\/p>\n<p lang=\"\"><img loading=\"lazy\" class=\"alignleft size-full wp-image-895\" src=\"http:\/\/projektbox.lima-city.de\/TOURHOTEL\/wp-content\/uploads\/flickr_4864587338_552a627d6b_o_016_am_see.jpg\" alt=\"flickr_4864587338_552a627d6b_o_016_am_see\" width=\"480\" height=\"360\" srcset=\"https:\/\/projektbox.lima-city.de\/TOURHOTEL\/wp-content\/uploads\/flickr_4864587338_552a627d6b_o_016_am_see.jpg 480w, https:\/\/projektbox.lima-city.de\/TOURHOTEL\/wp-content\/uploads\/flickr_4864587338_552a627d6b_o_016_am_see-400x300.jpg 400w\" sizes=\"(max-width: 480px) 100vw, 480px\" \/>Bei einer Gehzeit zwischen zwei und sechs Stunden stehen Themen wie Flora und Fauna, Landschaft, Geschichte, Berggipfel, Geologie, Land, Leute und Kulinarik auf dem Programm. Diese Vielfalt an Wanderm\u00f6glichkeiten ist Grund daf\u00fcr, dass die Region\u00a0Muster-See Mitglied von \u00d6sterreichs Wanderd\u00f6rfern ist. Zwischen den einzelnen Raststationen liegen ausdauernde Wanderungen, die querfeldein durch die sch\u00f6ne Kulturlandschaft der Region f\u00fchren.<\/p>\n","protected":false},"excerpt":{"rendered":"<p>Sport und Bewegung im Urlaub ist eine feine Sache. Die Region Muster-See bietet neben genussvollen Badestunden an den Seen auch unber\u00fchrte Naturidylle.<\/p>\n","protected":false},"author":1,"featured_media":793,"parent":0,"menu_order":8,"comment_status":"closed","ping_status":"closed","template":"","meta":{"kt_blocks_editor_width":""},"_links":{"self":[{"href":"https:\/\/projektbox.lima-city.de\/TOURHOTEL\/wp-json\/wp\/v2\/pages\/630"}],"collection":[{"href":"https:\/\/projektbox.lima-city.de\/TOURHOTEL\/wp-json\/wp\/v2\/pages"}],"about":[{"href":"https:\/\/projektbox.lima-city.de\/TOURHOTEL\/wp-json\/wp\/v2\/types\/page"}],"author":[{"embeddable":true,"href":"https:\/\/projektbox.lima-city.de\/TOURHOTEL\/wp-json\/wp\/v2\/users\/1"}],"replies":[{"embeddable":true,"href":"https:\/\/projektbox.lima-city.de\/TOURHOTEL\/wp-json\/wp\/v2\/comments?post=630"}],"version-history":[{"count":0,"href":"https:\/\/projektbox.lima-city.de\/TOURHOTEL\/wp-json\/wp\/v2\/pages\/630\/revisions"}],"wp:featuredmedia":[{"embeddable":true,"href":"https:\/\/projektbox.lima-city.de\/TOURHOTEL\/wp-json\/wp\/v2\/media\/793"}],"wp:attachment":[{"href":"https:\/\/projektbox.lima-city.de\/TOURHOTEL\/wp-json\/wp\/v2\/media?parent=630"}],"curies":[{"name":"wp","href":"https:\/\/api.w.org\/{rel}","templated":true}]}}