{"id":636,"date":"2013-11-12T07:12:15","date_gmt":"2013-11-12T05:12:15","guid":{"rendered":"http:\/\/projektbox.lima-city.de\/TOURHOTEL\/?p=636"},"modified":"2014-12-10T05:33:05","modified_gmt":"2014-12-10T04:33:05","slug":"motorrad-2","status":"publish","type":"page","link":"https:\/\/projektbox.lima-city.de\/TOURHOTEL\/motorrad-2\/","title":{"rendered":"MOTORRAD"},"content":{"rendered":"<h3>Motorrad Cruisertage<\/h3>\n<p>Sie lieben die Natur und cruisen gerne mit dem Motorrad abseits der stark frequentierten Routen?<br \/>\nDie bezaubernde K\u00e4rntner Landschaft auf abwechslungsreichen Landstra\u00dfen genie\u00dfen oder an an einem einzigen Tag durch 3 L\u00e4nder kurven?<\/p>\n<p><strong><img loading=\"lazy\" class=\"alignleft size-full wp-image-791\" src=\"http:\/\/projektbox.lima-city.de\/TOURHOTEL\/wp-content\/uploads\/gostisce-ob-plansarskem-jezeru-kranj-55530_clientHome.jpg\" alt=\"Motorradtouren um den Klopeiner See\" width=\"480\" height=\"360\" data-id=\"791\" srcset=\"https:\/\/projektbox.lima-city.de\/TOURHOTEL\/wp-content\/uploads\/gostisce-ob-plansarskem-jezeru-kranj-55530_clientHome.jpg 480w, https:\/\/projektbox.lima-city.de\/TOURHOTEL\/wp-content\/uploads\/gostisce-ob-plansarskem-jezeru-kranj-55530_clientHome-400x300.jpg 400w\" sizes=\"(max-width: 480px) 100vw, 480px\" \/>Dann sind die erlebnisreichen Motorrad-Cruisertage genau das Richtige f\u00fcr Sie!<\/strong><\/p>\n<p>Motorradfahren in der Region Muster-See ist Genuss &#8211; egal ob auf Tourer, Enduro oder Racer. In traumhafter Naturlandschaft entlang von B\u00e4chen und Fl\u00fcssen zu gleiten oder traumhafte Pass- Strassen hinaufzuklettern ist f\u00fcr Naturfreunde genauso reizvoll wie f\u00fcr die ganz Eiligen &#8211; jeder kommt auf seine Kosten.<\/p>\n<p>Die Tourenvorschl\u00e4ge werden nach und nach erg\u00e4nzt, \u00fcber gute Vorschl\u00e4ge freuen wir uns.<\/p>\n","protected":false},"excerpt":{"rendered":"<p>Motorrad Cruisertage.<br \/>\nSie lieben die Natur und cruisen gerne mit dem Motorrad abseits der stark frequentierten Routen?<br \/>\nEntdecken Sie die bezaubernde K\u00e4rntner Landschaft oder kurven Sie an an einem einzigen Tag durch 3 L\u00e4nder!<\/p>\n","protected":false},"author":1,"featured_media":928,"parent":0,"menu_order":5,"comment_status":"closed","ping_status":"closed","template":"","meta":{"kt_blocks_editor_width":""},"_links":{"self":[{"href":"https:\/\/projektbox.lima-city.de\/TOURHOTEL\/wp-json\/wp\/v2\/pages\/636"}],"collection":[{"href":"https:\/\/projektbox.lima-city.de\/TOURHOTEL\/wp-json\/wp\/v2\/pages"}],"about":[{"href":"https:\/\/projektbox.lima-city.de\/TOURHOTEL\/wp-json\/wp\/v2\/types\/page"}],"author":[{"embeddable":true,"href":"https:\/\/projektbox.lima-city.de\/TOURHOTEL\/wp-json\/wp\/v2\/users\/1"}],"replies":[{"embeddable":true,"href":"https:\/\/projektbox.lima-city.de\/TOURHOTEL\/wp-json\/wp\/v2\/comments?post=636"}],"version-history":[{"count":1,"href":"https:\/\/projektbox.lima-city.de\/TOURHOTEL\/wp-json\/wp\/v2\/pages\/636\/revisions"}],"predecessor-version":[{"id":1547,"href":"https:\/\/projektbox.lima-city.de\/TOURHOTEL\/wp-json\/wp\/v2\/pages\/636\/revisions\/1547"}],"wp:featuredmedia":[{"embeddable":true,"href":"https:\/\/projektbox.lima-city.de\/TOURHOTEL\/wp-json\/wp\/v2\/media\/928"}],"wp:attachment":[{"href":"https:\/\/projektbox.lima-city.de\/TOURHOTEL\/wp-json\/wp\/v2\/media?parent=636"}],"curies":[{"name":"wp","href":"https:\/\/api.w.org\/{rel}","templated":true}]}}