{"id":638,"date":"2013-11-12T07:19:53","date_gmt":"2013-11-12T05:19:53","guid":{"rendered":"http:\/\/projektbox.lima-city.de\/TOURHOTEL\/?p=638"},"modified":"2014-12-10T06:49:23","modified_gmt":"2014-12-10T05:49:23","slug":"radtouren","status":"publish","type":"page","link":"https:\/\/projektbox.lima-city.de\/TOURHOTEL\/radtouren\/","title":{"rendered":"RADFAHREN"},"content":{"rendered":"<h3>Sport und Freizeit mit dem Rad<\/h3>\n<p>Biken am Muster-See \u2013 ein Genuss in traumhafter Naturlandschaft, f\u00fcr Sportler und Naturfreunde genauso reizvoll wie f\u00fcr Profis. Vom Genussradler bis zum Rennradfahrer kommt jeder voll auf seine Kosten.<\/p>\n<p><img loading=\"lazy\" class=\"alignleft size-full wp-image-799\" src=\"http:\/\/projektbox.lima-city.de\/TOURHOTEL\/wp-content\/uploads\/2774_tvb_klopeiner_see.jpg\" alt=\"Radtouren am Klopeiner See\" width=\"480\" height=\"360\" data-id=\"799\" srcset=\"https:\/\/projektbox.lima-city.de\/TOURHOTEL\/wp-content\/uploads\/2774_tvb_klopeiner_see.jpg 480w, https:\/\/projektbox.lima-city.de\/TOURHOTEL\/wp-content\/uploads\/2774_tvb_klopeiner_see-400x300.jpg 400w\" sizes=\"(max-width: 480px) 100vw, 480px\" \/>Mehr als 1.200 km teils &#8222;bissiger&#8220; Radwege halten unsere G\u00e4ste in Atem. Weitere Highlights sind das Stollenbiken \u2013 das Abenteuer f\u00fcr Freunde der Unterwelt.<\/p>\n<p>Alle Radtouren werden gef\u00fchrt und die Tourenauswahl je nach Kondition der Teilnehmer und dem Wetter ausgew\u00e4hlt. Sie k\u00f6nnen bei Bedarf auch gek\u00fcrzt werden. Ruhetage werden von den G\u00e4sten selbst gew\u00e4hlt. F\u00fcr geeignete Verpflegung unterwegs wird gesorgt, die R\u00e4der sind auf die Erfordernisse abgestimmt.<\/p>\n<p><strong>Unsere Tourenr\u00e4der und Mountainbikes sind Markenprodukte und werden regelm\u00e4ssig gewartet.<\/strong><br \/>\n<strong>F\u00fcr funktionelle Bekleidung tragen Sie bitte selbst Sorge. Helme werden von uns generell empfohlen!<\/strong><\/p>\n","protected":false},"excerpt":{"rendered":"<p>Sport und Freizeit mit dem Rad.<br \/>\nBiken am Muster-See \u2013 ein Genuss in traumhafter Naturlandschaft, f\u00fcr Sportler und Naturfreunde genauso reizvoll wie f\u00fcr Profis. Vom Genussradler bis zum Rennradfahrer kommt jeder voll auf seine Kosten.<\/p>\n","protected":false},"author":1,"featured_media":896,"parent":0,"menu_order":4,"comment_status":"closed","ping_status":"closed","template":"","meta":{"kt_blocks_editor_width":""},"_links":{"self":[{"href":"https:\/\/projektbox.lima-city.de\/TOURHOTEL\/wp-json\/wp\/v2\/pages\/638"}],"collection":[{"href":"https:\/\/projektbox.lima-city.de\/TOURHOTEL\/wp-json\/wp\/v2\/pages"}],"about":[{"href":"https:\/\/projektbox.lima-city.de\/TOURHOTEL\/wp-json\/wp\/v2\/types\/page"}],"author":[{"embeddable":true,"href":"https:\/\/projektbox.lima-city.de\/TOURHOTEL\/wp-json\/wp\/v2\/users\/1"}],"replies":[{"embeddable":true,"href":"https:\/\/projektbox.lima-city.de\/TOURHOTEL\/wp-json\/wp\/v2\/comments?post=638"}],"version-history":[{"count":0,"href":"https:\/\/projektbox.lima-city.de\/TOURHOTEL\/wp-json\/wp\/v2\/pages\/638\/revisions"}],"wp:featuredmedia":[{"embeddable":true,"href":"https:\/\/projektbox.lima-city.de\/TOURHOTEL\/wp-json\/wp\/v2\/media\/896"}],"wp:attachment":[{"href":"https:\/\/projektbox.lima-city.de\/TOURHOTEL\/wp-json\/wp\/v2\/media?parent=638"}],"curies":[{"name":"wp","href":"https:\/\/api.w.org\/{rel}","templated":true}]}}