{"id":640,"date":"2013-11-12T07:39:56","date_gmt":"2013-11-12T05:39:56","guid":{"rendered":"http:\/\/projektbox.lima-city.de\/TOURHOTEL\/?p=640"},"modified":"2014-12-10T07:04:34","modified_gmt":"2014-12-10T06:04:34","slug":"mountainbike","status":"publish","type":"page","link":"https:\/\/projektbox.lima-city.de\/TOURHOTEL\/mountainbike\/","title":{"rendered":"MOUNTAINBIKE"},"content":{"rendered":"<h3>Biken in K\u00e4rnten \u2013 ein Genuss in traumhafter Naturlandschaft<\/h3>\n<p>Vom Genussradler bis zum Rennradfahrer kommt jeder voll auf seine Kosten. Ob anstrengende Mountainbiketour oder leichtere Seen-Rundfahrten \u2013 in der Region Muster-See finden alle ihre ideale Tour.<\/p>\n<p><img loading=\"lazy\" class=\"alignleft wp-image-800 size-full\" src=\"http:\/\/projektbox.lima-city.de\/TOURHOTEL\/wp-content\/uploads\/2773_tvb_klopeiner_see.jpg\" alt=\"Mountainbiken am Klopeiner See\" width=\"480\" height=\"360\" data-id=\"800\" srcset=\"https:\/\/projektbox.lima-city.de\/TOURHOTEL\/wp-content\/uploads\/2773_tvb_klopeiner_see.jpg 480w, https:\/\/projektbox.lima-city.de\/TOURHOTEL\/wp-content\/uploads\/2773_tvb_klopeiner_see-400x300.jpg 400w\" sizes=\"(max-width: 480px) 100vw, 480px\" \/>Mehr als 1.200 km teils &#8222;bissiger&#8220; Radstrecken halten unsere G\u00e4ste in Atem. Weitere Highlights sind das Stollenbiken \u2013 das Abenteuer f\u00fcr Freunde der Unterwelt.<br \/>\nWadlstarke Biker treiben ihren Puls ans Limit und queren die Grenze zu Slowenien \u00fcber die Berge oder durch einen aufgelassenes Bergwerks. Man muss aber kein sportlicher Crack auf dem Fahrrad sein, um sich gl\u00fccklich zu strampeln &#8211; aber mit kr\u00e4ftigen Waden l\u00e4sst sich das grenz\u00fcberschreitende Angebot noch besser erleben.<\/p>\n<p>Alle Radtouren werden gef\u00fchrt und die Tourenauswahl je nach Kondition der Teilnehmer und dem Wetter ausgew\u00e4hlt. Sie k\u00f6nnen bei Bedarf auch gek\u00fcrzt werden. Ruhetage werden von den G\u00e4sten selbst gew\u00e4hlt. F\u00fcr geeignete Verpflegung unterwegs wird gesorgt, die R\u00e4der sind auf die Erfordernisse abgestimmt.<\/p>\n<p><strong>Unsere Tourenr\u00e4der und Mountainbikes sind Markenprodukte und werden regelm\u00e4ssig gewartet. F\u00fcr funktionelle Bekleidung tragen Sie bitte selbst Sorge. Helme werden generell empfohlen!<\/strong><\/p>\n","protected":false},"excerpt":{"rendered":"<p>Vom Genussradler bis zum Rennradfahrer kommt jeder voll auf seine Kosten. Ob anstrengende Mountainbiketour oder leichtere Seen-Rundfahrten \u2013 in der Region Muster-See finden alle ihre ideale Tour.<\/p>\n","protected":false},"author":1,"featured_media":795,"parent":0,"menu_order":14,"comment_status":"closed","ping_status":"closed","template":"","meta":{"kt_blocks_editor_width":""},"_links":{"self":[{"href":"https:\/\/projektbox.lima-city.de\/TOURHOTEL\/wp-json\/wp\/v2\/pages\/640"}],"collection":[{"href":"https:\/\/projektbox.lima-city.de\/TOURHOTEL\/wp-json\/wp\/v2\/pages"}],"about":[{"href":"https:\/\/projektbox.lima-city.de\/TOURHOTEL\/wp-json\/wp\/v2\/types\/page"}],"author":[{"embeddable":true,"href":"https:\/\/projektbox.lima-city.de\/TOURHOTEL\/wp-json\/wp\/v2\/users\/1"}],"replies":[{"embeddable":true,"href":"https:\/\/projektbox.lima-city.de\/TOURHOTEL\/wp-json\/wp\/v2\/comments?post=640"}],"version-history":[{"count":0,"href":"https:\/\/projektbox.lima-city.de\/TOURHOTEL\/wp-json\/wp\/v2\/pages\/640\/revisions"}],"wp:featuredmedia":[{"embeddable":true,"href":"https:\/\/projektbox.lima-city.de\/TOURHOTEL\/wp-json\/wp\/v2\/media\/795"}],"wp:attachment":[{"href":"https:\/\/projektbox.lima-city.de\/TOURHOTEL\/wp-json\/wp\/v2\/media?parent=640"}],"curies":[{"name":"wp","href":"https:\/\/api.w.org\/{rel}","templated":true}]}}